{"id":8160,"date":"2022-09-26T16:21:16","date_gmt":"2022-09-26T14:21:16","guid":{"rendered":"https:\/\/www.eyesee-drone.com\/?page_id=8160"},"modified":"2024-06-25T15:42:46","modified_gmt":"2024-06-25T13:42:46","slug":"verifiez-leligibilite-de-votre-site","status":"publish","type":"page","link":"https:\/\/www.eyesee-drone.com\/fr\/verifiez-leligibilite-de-votre-site\/","title":{"rendered":"V\u00e9rifiez l&rsquo;\u00e9ligibilit\u00e9"},"content":{"rendered":"\t\t<div data-elementor-type=\"wp-page\" data-elementor-id=\"8160\" class=\"elementor elementor-8160\" data-elementor-post-type=\"page\">\n\t\t\t\t\t\t<section class=\"elementor-section elementor-top-section elementor-element elementor-element-783fcbf elementor-section-stretched elementor-section-boxed elementor-section-height-default elementor-section-height-default\" data-id=\"783fcbf\" data-element_type=\"section\" data-e-type=\"section\" data-settings=\"{&quot;stretch_section&quot;:&quot;section-stretched&quot;,&quot;background_background&quot;:&quot;classic&quot;,&quot;shape_divider_bottom&quot;:&quot;mountains&quot;}\">\n\t\t\t\t\t<div class=\"elementor-shape elementor-shape-bottom\" aria-hidden=\"true\" data-negative=\"false\">\n\t\t\t<svg xmlns=\"http:\/\/www.w3.org\/2000\/svg\" viewBox=\"0 0 1000 100\" preserveAspectRatio=\"none\">\n\t<path class=\"elementor-shape-fill\" opacity=\"0.33\" d=\"M473,67.3c-203.9,88.3-263.1-34-320.3,0C66,119.1,0,59.7,0,59.7V0h1000v59.7 c0,0-62.1,26.1-94.9,29.3c-32.8,3.3-62.8-12.3-75.8-22.1C806,49.6,745.3,8.7,694.9,4.7S492.4,59,473,67.3z\"\/>\n\t<path class=\"elementor-shape-fill\" opacity=\"0.66\" d=\"M734,67.3c-45.5,0-77.2-23.2-129.1-39.1c-28.6-8.7-150.3-10.1-254,39.1 s-91.7-34.4-149.2,0C115.7,118.3,0,39.8,0,39.8V0h1000v36.5c0,0-28.2-18.5-92.1-18.5C810.2,18.1,775.7,67.3,734,67.3z\"\/>\n\t<path class=\"elementor-shape-fill\" d=\"M766.1,28.9c-200-57.5-266,65.5-395.1,19.5C242,1.8,242,5.4,184.8,20.6C128,35.8,132.3,44.9,89.9,52.5C28.6,63.7,0,0,0,0 h1000c0,0-9.9,40.9-83.6,48.1S829.6,47,766.1,28.9z\"\/>\n<\/svg>\t\t<\/div>\n\t\t\t\t\t<div class=\"elementor-container elementor-column-gap-default\">\n\t\t\t\t\t<div class=\"elementor-column elementor-col-100 elementor-top-column elementor-element elementor-element-8ba3c86\" data-id=\"8ba3c86\" data-element_type=\"column\" data-e-type=\"column\">\n\t\t\t<div class=\"elementor-widget-wrap elementor-element-populated\">\n\t\t\t\t\t\t<div class=\"elementor-element elementor-element-becdae9 elementor-widget elementor-widget-heading\" data-id=\"becdae9\" data-element_type=\"widget\" data-e-type=\"widget\" data-widget_type=\"heading.default\">\n\t\t\t\t<div class=\"elementor-widget-container\">\n\t\t\t\t\t<h1 class=\"elementor-heading-title elementor-size-default\">V\u00c9RIFIEZ L'\u00c9LIGIBILIT\u00c9 DE VOTRE ENTREP\u00d4T<\/h1>\t\t\t\t<\/div>\n\t\t\t\t<\/div>\n\t\t\t\t\t<\/div>\n\t\t<\/div>\n\t\t\t\t\t<\/div>\n\t\t<\/section>\n\t\t\t\t<section class=\"elementor-section elementor-top-section elementor-element elementor-element-041e9db elementor-section-boxed elementor-section-height-default elementor-section-height-default\" data-id=\"041e9db\" data-element_type=\"section\" data-e-type=\"section\">\n\t\t\t\t\t\t<div class=\"elementor-container elementor-column-gap-default\">\n\t\t\t\t\t<div class=\"elementor-column elementor-col-50 elementor-top-column elementor-element elementor-element-44ef122\" data-id=\"44ef122\" data-element_type=\"column\" data-e-type=\"column\">\n\t\t\t<div class=\"elementor-widget-wrap elementor-element-populated\">\n\t\t\t\t\t\t<div class=\"elementor-element elementor-element-3eeee34 elementor-widget elementor-widget-spacer\" data-id=\"3eeee34\" data-element_type=\"widget\" data-e-type=\"widget\" data-widget_type=\"spacer.default\">\n\t\t\t\t<div class=\"elementor-widget-container\">\n\t\t\t\t\t\t\t<div class=\"elementor-spacer\">\n\t\t\t<div class=\"elementor-spacer-inner\"><\/div>\n\t\t<\/div>\n\t\t\t\t\t\t<\/div>\n\t\t\t\t<\/div>\n\t\t\t\t<div class=\"elementor-element elementor-element-05a6bc3 elementor-widget elementor-widget-shortcode\" data-id=\"05a6bc3\" data-element_type=\"widget\" data-e-type=\"widget\" data-widget_type=\"shortcode.default\">\n\t\t\t\t<div class=\"elementor-widget-container\">\n\t\t\t\t\t\t\t<div class=\"elementor-shortcode\">\n\t\t\t\t\t\t<script>\n\t\t\t\t\t\t\twindow.hsFormsOnReady = window.hsFormsOnReady || [];\n\t\t\t\t\t\t\twindow.hsFormsOnReady.push(()=>{\n\t\t\t\t\t\t\t\thbspt.forms.create({\n\t\t\t\t\t\t\t\t\tportalId: 24983242,\n\t\t\t\t\t\t\t\t\tformId: \"cd87a1f5-eb9a-42d9-bca9-32675c5166aa\",\n\t\t\t\t\t\t\t\t\ttarget: \"#hbspt-form-1776492973000-1085671324\",\n\t\t\t\t\t\t\t\t\tregion: \"eu1\",\n\t\t\t\t\t\t\t\t\t\n\t\t\t\t\t\t\t})});\n\t\t\t\t\t\t<\/script>\n\t\t\t\t\t\t<div class=\"hbspt-form\" id=\"hbspt-form-1776492973000-1085671324\"><\/div><\/div>\n\t\t\t\t\t\t<\/div>\n\t\t\t\t<\/div>\n\t\t\t\t\t<\/div>\n\t\t<\/div>\n\t\t\t\t<div class=\"elementor-column elementor-col-50 elementor-top-column elementor-element elementor-element-0f1eea6\" data-id=\"0f1eea6\" data-element_type=\"column\" data-e-type=\"column\">\n\t\t\t<div class=\"elementor-widget-wrap elementor-element-populated\">\n\t\t\t\t\t\t<div class=\"elementor-element elementor-element-472e752 elementor-align-center elementor-widget elementor-widget-lottie\" data-id=\"472e752\" data-element_type=\"widget\" data-e-type=\"widget\" data-settings=\"{&quot;source_json&quot;:{&quot;url&quot;:&quot;https:\\\/\\\/www.eyesee-drone.com\\\/wp-content\\\/uploads\\\/2021\\\/10\\\/lf30_editor_3hfmwlfk.json&quot;,&quot;id&quot;:1931,&quot;size&quot;:&quot;&quot;,&quot;alt&quot;:&quot;&quot;,&quot;source&quot;:&quot;library&quot;},&quot;loop&quot;:&quot;yes&quot;,&quot;source&quot;:&quot;media_file&quot;,&quot;caption_source&quot;:&quot;none&quot;,&quot;link_to&quot;:&quot;none&quot;,&quot;trigger&quot;:&quot;arriving_to_viewport&quot;,&quot;viewport&quot;:{&quot;unit&quot;:&quot;%&quot;,&quot;size&quot;:&quot;&quot;,&quot;sizes&quot;:{&quot;start&quot;:0,&quot;end&quot;:100}},&quot;play_speed&quot;:{&quot;unit&quot;:&quot;px&quot;,&quot;size&quot;:1,&quot;sizes&quot;:[]},&quot;start_point&quot;:{&quot;unit&quot;:&quot;%&quot;,&quot;size&quot;:0,&quot;sizes&quot;:[]},&quot;end_point&quot;:{&quot;unit&quot;:&quot;%&quot;,&quot;size&quot;:100,&quot;sizes&quot;:[]},&quot;renderer&quot;:&quot;svg&quot;}\" data-widget_type=\"lottie.default\">\n\t\t\t\t<div class=\"elementor-widget-container\">\n\t\t\t\t\t<div class=\"e-lottie__container\"><div class=\"e-lottie__animation\"><\/div><\/div>\t\t\t\t<\/div>\n\t\t\t\t<\/div>\n\t\t\t\t<div class=\"elementor-element elementor-element-ce8bd8b elementor-widget elementor-widget-heading\" data-id=\"ce8bd8b\" data-element_type=\"widget\" data-e-type=\"widget\" data-widget_type=\"heading.default\">\n\t\t\t\t<div class=\"elementor-widget-container\">\n\t\t\t\t\t<h2 class=\"elementor-heading-title elementor-size-default\">Pourquoi v\u00e9rifier l'\u00e9ligibilit\u00e9 de votre site ? <\/h2>\t\t\t\t<\/div>\n\t\t\t\t<\/div>\n\t\t\t\t<div class=\"elementor-element elementor-element-897de95 demo-liste elementor-widget elementor-widget-text-editor\" data-id=\"897de95\" data-element_type=\"widget\" data-e-type=\"widget\" data-widget_type=\"text-editor.default\">\n\t\t\t\t<div class=\"elementor-widget-container\">\n\t\t\t\t\t\t\t\t\t<ul><li>Obtenez les 1\u00e8res estimations de productivit\u00e9 dans votre d\u00e9p\u00f4t<\/li><li>Ciblez les d\u00e9p\u00f4ts de votre organisation les plus adapt\u00e9s \u00e0 l\u2019inventaire par drone<\/li><li>Obtenez l\u2019avis et les recommandations de nos experts techniques<\/li><li>Impliquez les d\u00e9cideurs de votre organisation avec toutes les cl\u00e9s en main<\/li><\/ul>\t\t\t\t\t\t\t\t<\/div>\n\t\t\t\t<\/div>\n\t\t\t\t<div class=\"elementor-element elementor-element-5713f76 demo-liste elementor-widget elementor-widget-text-editor\" data-id=\"5713f76\" data-element_type=\"widget\" data-e-type=\"widget\" data-widget_type=\"text-editor.default\">\n\t\t\t\t<div class=\"elementor-widget-container\">\n\t\t\t\t\t\t\t\t\t<h3><span style=\"color: #009fe3;\"><strong>Le formulaire permet de recueillir les informations suivantes :<\/strong><\/span><\/h3>\t\t\t\t\t\t\t\t<\/div>\n\t\t\t\t<\/div>\n\t\t\t\t<div class=\"elementor-element elementor-element-af316c4 elementor-position-inline-start elementor-view-default elementor-mobile-position-block-start elementor-widget elementor-widget-icon-box\" data-id=\"af316c4\" data-element_type=\"widget\" data-e-type=\"widget\" data-widget_type=\"icon-box.default\">\n\t\t\t\t<div class=\"elementor-widget-container\">\n\t\t\t\t\t\t\t<div class=\"elementor-icon-box-wrapper\">\n\n\t\t\t\t\t\t<div class=\"elementor-icon-box-icon\">\n\t\t\t\t<span  class=\"elementor-icon\">\n\t\t\t\t<i aria-hidden=\"true\" class=\"fas fa-arrows-alt-v\"><\/i>\t\t\t\t<\/span>\n\t\t\t<\/div>\n\t\t\t\n\t\t\t\t\t\t<div class=\"elementor-icon-box-content\">\n\n\t\t\t\t\t\t\t\t\t<h3 class=\"elementor-icon-box-title\">\n\t\t\t\t\t\t<span  >\n\t\t\t\t\t\t\tDimensions\t\t\t\t\t\t<\/span>\n\t\t\t\t\t<\/h3>\n\t\t\t\t\n\t\t\t\t\t\t\t\t\t<p class=\"elementor-icon-box-description\">\n\t\t\t\t\t\tLa hauteur et largeur de vos all\u00e9es\t\t\t\t\t<\/p>\n\t\t\t\t\n\t\t\t<\/div>\n\t\t\t\n\t\t<\/div>\n\t\t\t\t\t\t<\/div>\n\t\t\t\t<\/div>\n\t\t\t\t<div class=\"elementor-element elementor-element-ee8f6f2 elementor-position-inline-start elementor-view-default elementor-mobile-position-block-start elementor-widget elementor-widget-icon-box\" data-id=\"ee8f6f2\" data-element_type=\"widget\" data-e-type=\"widget\" data-widget_type=\"icon-box.default\">\n\t\t\t\t<div class=\"elementor-widget-container\">\n\t\t\t\t\t\t\t<div class=\"elementor-icon-box-wrapper\">\n\n\t\t\t\t\t\t<div class=\"elementor-icon-box-icon\">\n\t\t\t\t<span  class=\"elementor-icon\">\n\t\t\t\t<i aria-hidden=\"true\" class=\"fas fa-temperature-low\"><\/i>\t\t\t\t<\/span>\n\t\t\t<\/div>\n\t\t\t\n\t\t\t\t\t\t<div class=\"elementor-icon-box-content\">\n\n\t\t\t\t\t\t\t\t\t<h3 class=\"elementor-icon-box-title\">\n\t\t\t\t\t\t<span  >\n\t\t\t\t\t\t\tTemp\u00e9rature\t\t\t\t\t\t<\/span>\n\t\t\t\t\t<\/h3>\n\t\t\t\t\n\t\t\t\t\t\t\t\t\t<p class=\"elementor-icon-box-description\">\n\t\t\t\t\t\tEnvironnement et temp\u00e9rature de la zone de stockage\t\t\t\t\t<\/p>\n\t\t\t\t\n\t\t\t<\/div>\n\t\t\t\n\t\t<\/div>\n\t\t\t\t\t\t<\/div>\n\t\t\t\t<\/div>\n\t\t\t\t<div class=\"elementor-element elementor-element-1a3ad21 elementor-position-inline-start elementor-view-default elementor-mobile-position-block-start elementor-widget elementor-widget-icon-box\" data-id=\"1a3ad21\" data-element_type=\"widget\" data-e-type=\"widget\" data-widget_type=\"icon-box.default\">\n\t\t\t\t<div class=\"elementor-widget-container\">\n\t\t\t\t\t\t\t<div class=\"elementor-icon-box-wrapper\">\n\n\t\t\t\t\t\t<div class=\"elementor-icon-box-icon\">\n\t\t\t\t<span  class=\"elementor-icon\">\n\t\t\t\t<i aria-hidden=\"true\" class=\"fas fa-warehouse\"><\/i>\t\t\t\t<\/span>\n\t\t\t<\/div>\n\t\t\t\n\t\t\t\t\t\t<div class=\"elementor-icon-box-content\">\n\n\t\t\t\t\t\t\t\t\t<h3 class=\"elementor-icon-box-title\">\n\t\t\t\t\t\t<span  >\n\t\t\t\t\t\t\tActivit\u00e9 du d\u00e9p\u00f4t\t\t\t\t\t\t<\/span>\n\t\t\t\t\t<\/h3>\n\t\t\t\t\n\t\t\t\t\t\t\t\t\t<p class=\"elementor-icon-box-description\">\n\t\t\t\t\t\tPicking\/distribution\/production\/retail. Process d\u2019\u00e9tiquetage &amp; pourcentage du stockage en rack vs stockage total\t\t\t\t\t<\/p>\n\t\t\t\t\n\t\t\t<\/div>\n\t\t\t\n\t\t<\/div>\n\t\t\t\t\t\t<\/div>\n\t\t\t\t<\/div>\n\t\t\t\t<div class=\"elementor-element elementor-element-1fbc533 elementor-position-inline-start elementor-view-default elementor-mobile-position-block-start elementor-widget elementor-widget-icon-box\" data-id=\"1fbc533\" data-element_type=\"widget\" data-e-type=\"widget\" data-widget_type=\"icon-box.default\">\n\t\t\t\t<div class=\"elementor-widget-container\">\n\t\t\t\t\t\t\t<div class=\"elementor-icon-box-wrapper\">\n\n\t\t\t\t\t\t<div class=\"elementor-icon-box-icon\">\n\t\t\t\t<span  class=\"elementor-icon\">\n\t\t\t\t<i aria-hidden=\"true\" class=\"fas fa-pallet\"><\/i>\t\t\t\t<\/span>\n\t\t\t<\/div>\n\t\t\t\n\t\t\t\t\t\t<div class=\"elementor-icon-box-content\">\n\n\t\t\t\t\t\t\t\t\t<h3 class=\"elementor-icon-box-title\">\n\t\t\t\t\t\t<span  >\n\t\t\t\t\t\t\tProcess d'inventaire \t\t\t\t\t\t<\/span>\n\t\t\t\t\t<\/h3>\n\t\t\t\t\n\t\t\t\t\t\t\t\t\t<p class=\"elementor-icon-box-description\">\n\t\t\t\t\t\tDescription de votre processus d'inventaire \t\t\t\t\t<\/p>\n\t\t\t\t\n\t\t\t<\/div>\n\t\t\t\n\t\t<\/div>\n\t\t\t\t\t\t<\/div>\n\t\t\t\t<\/div>\n\t\t\t\t<div class=\"elementor-element elementor-element-aaa156f elementor-widget elementor-widget-spacer\" data-id=\"aaa156f\" data-element_type=\"widget\" data-e-type=\"widget\" data-widget_type=\"spacer.default\">\n\t\t\t\t<div class=\"elementor-widget-container\">\n\t\t\t\t\t\t\t<div class=\"elementor-spacer\">\n\t\t\t<div class=\"elementor-spacer-inner\"><\/div>\n\t\t<\/div>\n\t\t\t\t\t\t<\/div>\n\t\t\t\t<\/div>\n\t\t\t\t<div class=\"elementor-element elementor-element-f999a14 elementor-widget elementor-widget-spacer\" data-id=\"f999a14\" data-element_type=\"widget\" data-e-type=\"widget\" data-widget_type=\"spacer.default\">\n\t\t\t\t<div class=\"elementor-widget-container\">\n\t\t\t\t\t\t\t<div class=\"elementor-spacer\">\n\t\t\t<div class=\"elementor-spacer-inner\"><\/div>\n\t\t<\/div>\n\t\t\t\t\t\t<\/div>\n\t\t\t\t<\/div>\n\t\t\t\t\t<\/div>\n\t\t<\/div>\n\t\t\t\t\t<\/div>\n\t\t<\/section>\n\t\t\t\t<section class=\"elementor-section elementor-top-section elementor-element elementor-element-624117f elementor-section-boxed elementor-section-height-default elementor-section-height-default\" data-id=\"624117f\" data-element_type=\"section\" data-e-type=\"section\">\n\t\t\t\t\t\t<div class=\"elementor-container elementor-column-gap-default\">\n\t\t\t\t\t<div class=\"elementor-column elementor-col-100 elementor-top-column elementor-element elementor-element-3e489e1\" data-id=\"3e489e1\" data-element_type=\"column\" data-e-type=\"column\">\n\t\t\t<div class=\"elementor-widget-wrap elementor-element-populated\">\n\t\t\t\t\t\t<div class=\"elementor-element elementor-element-c2455b3 elementor-widget elementor-widget-spacer\" data-id=\"c2455b3\" data-element_type=\"widget\" data-e-type=\"widget\" data-widget_type=\"spacer.default\">\n\t\t\t\t<div class=\"elementor-widget-container\">\n\t\t\t\t\t\t\t<div class=\"elementor-spacer\">\n\t\t\t<div class=\"elementor-spacer-inner\"><\/div>\n\t\t<\/div>\n\t\t\t\t\t\t<\/div>\n\t\t\t\t<\/div>\n\t\t\t\t\t<\/div>\n\t\t<\/div>\n\t\t\t\t\t<\/div>\n\t\t<\/section>\n\t\t\t\t<\/div>\n\t\t","protected":false},"excerpt":{"rendered":"<p>V\u00c9RIFIEZ L&rsquo;\u00c9LIGIBILIT\u00c9 DE VOTRE ENTREP\u00d4T Pourquoi v\u00e9rifier l&rsquo;\u00e9ligibilit\u00e9 de votre site ? Obtenez les 1\u00e8res estimations de productivit\u00e9 dans votre d\u00e9p\u00f4t Ciblez les d\u00e9p\u00f4ts de votre organisation les plus adapt\u00e9s \u00e0 l\u2019inventaire par drone Obtenez l\u2019avis et les recommandations de nos experts techniques Impliquez les d\u00e9cideurs de votre organisation avec toutes les cl\u00e9s en main [&hellip;]<\/p>\n","protected":false},"author":3,"featured_media":0,"parent":0,"menu_order":0,"comment_status":"closed","ping_status":"closed","template":"","meta":{"_acf_changed":false,"_eb_attr":"","content-type":"","footnotes":""},"events":[],"class_list":["post-8160","page","type-page","status-publish","hentry"],"acf":[],"yoast_head":"<!-- This site is optimized with the Yoast SEO plugin v27.0 - https:\/\/yoast.com\/product\/yoast-seo-wordpress\/ -->\n<title>V\u00e9rifiez l&#039;\u00e9ligibilit\u00e9 de votre site<\/title>\n<meta name=\"description\" content=\"V\u00e9rifiez votre \u00e9ligibilit\u00e9 en 2 minutes et obtenez une premi\u00e8re estimation de la productivit\u00e9 dans votre entrep\u00f4t.\" \/>\n<meta name=\"robots\" content=\"index, follow, max-snippet:-1, max-image-preview:large, max-video-preview:-1\" \/>\n<link rel=\"canonical\" href=\"https:\/\/www.eyesee-drone.com\/fr\/verifiez-leligibilite-de-votre-site\/\" \/>\n<meta property=\"og:locale\" content=\"fr_FR\" \/>\n<meta property=\"og:type\" content=\"article\" \/>\n<meta property=\"og:title\" content=\"V\u00e9rifiez l&#039;\u00e9ligibilit\u00e9 de votre site\" \/>\n<meta property=\"og:description\" content=\"V\u00e9rifiez votre \u00e9ligibilit\u00e9 en 2 minutes et obtenez une premi\u00e8re estimation de la productivit\u00e9 dans votre entrep\u00f4t.\" \/>\n<meta property=\"og:url\" content=\"https:\/\/www.eyesee-drone.com\/fr\/verifiez-leligibilite-de-votre-site\/\" \/>\n<meta property=\"og:site_name\" content=\"EYESEE\" \/>\n<meta property=\"article:modified_time\" content=\"2024-06-25T13:42:46+00:00\" \/>\n<meta name=\"twitter:card\" content=\"summary_large_image\" \/>\n<meta name=\"twitter:label1\" content=\"Dur\u00e9e de lecture estim\u00e9e\" \/>\n\t<meta name=\"twitter:data1\" content=\"1 minute\" \/>\n<script type=\"application\/ld+json\" class=\"yoast-schema-graph\">{\"@context\":\"https:\/\/schema.org\",\"@graph\":[{\"@type\":\"WebPage\",\"@id\":\"https:\/\/www.eyesee-drone.com\/fr\/verifiez-leligibilite-de-votre-site\/\",\"url\":\"https:\/\/www.eyesee-drone.com\/fr\/verifiez-leligibilite-de-votre-site\/\",\"name\":\"V\u00e9rifiez l'\u00e9ligibilit\u00e9 de votre site\",\"isPartOf\":{\"@id\":\"https:\/\/www.eyesee-drone.com\/fr\/#website\"},\"datePublished\":\"2022-09-26T14:21:16+00:00\",\"dateModified\":\"2024-06-25T13:42:46+00:00\",\"description\":\"V\u00e9rifiez votre \u00e9ligibilit\u00e9 en 2 minutes et obtenez une premi\u00e8re estimation de la productivit\u00e9 dans votre entrep\u00f4t.\",\"breadcrumb\":{\"@id\":\"https:\/\/www.eyesee-drone.com\/fr\/verifiez-leligibilite-de-votre-site\/#breadcrumb\"},\"inLanguage\":\"fr-FR\",\"potentialAction\":[{\"@type\":\"ReadAction\",\"target\":[\"https:\/\/www.eyesee-drone.com\/fr\/verifiez-leligibilite-de-votre-site\/\"]}]},{\"@type\":\"BreadcrumbList\",\"@id\":\"https:\/\/www.eyesee-drone.com\/fr\/verifiez-leligibilite-de-votre-site\/#breadcrumb\",\"itemListElement\":[{\"@type\":\"ListItem\",\"position\":1,\"name\":\"Home\",\"item\":\"https:\/\/www.eyesee-drone.com\/fr\/\"},{\"@type\":\"ListItem\",\"position\":2,\"name\":\"V\u00e9rifiez l&#8217;\u00e9ligibilit\u00e9\"}]},{\"@type\":\"WebSite\",\"@id\":\"https:\/\/www.eyesee-drone.com\/fr\/#website\",\"url\":\"https:\/\/www.eyesee-drone.com\/fr\/\",\"name\":\"EYESEE\",\"description\":\"Drone Solution for cycle count and wall-to-wall inventory\",\"publisher\":{\"@id\":\"https:\/\/www.eyesee-drone.com\/fr\/#organization\"},\"alternateName\":\"EYESEE Drone inventory solution for cycle counting and wall-to-wall inventory\",\"potentialAction\":[{\"@type\":\"SearchAction\",\"target\":{\"@type\":\"EntryPoint\",\"urlTemplate\":\"https:\/\/www.eyesee-drone.com\/fr\/?s={search_term_string}\"},\"query-input\":{\"@type\":\"PropertyValueSpecification\",\"valueRequired\":true,\"valueName\":\"search_term_string\"}}],\"inLanguage\":\"fr-FR\"},{\"@type\":\"Organization\",\"@id\":\"https:\/\/www.eyesee-drone.com\/fr\/#organization\",\"name\":\"EYESEE\",\"url\":\"https:\/\/www.eyesee-drone.com\/fr\/\",\"logo\":{\"@type\":\"ImageObject\",\"inLanguage\":\"fr-FR\",\"@id\":\"https:\/\/www.eyesee-drone.com\/fr\/#\/schema\/logo\/image\/\",\"url\":\"https:\/\/www.eyesee-drone.com\/wp-content\/uploads\/2021\/07\/logo-eyesee-warehouse-drone.webp\",\"contentUrl\":\"https:\/\/www.eyesee-drone.com\/wp-content\/uploads\/2021\/07\/logo-eyesee-warehouse-drone.webp\",\"caption\":\"EYESEE\"},\"image\":{\"@id\":\"https:\/\/www.eyesee-drone.com\/fr\/#\/schema\/logo\/image\/\"},\"sameAs\":[\"https:\/\/www.linkedin.com\/company\/eyesee-inventory-drone\"]}]}<\/script>\n<!-- \/ Yoast SEO plugin. -->","yoast_head_json":{"title":"V\u00e9rifiez l'\u00e9ligibilit\u00e9 de votre site","description":"V\u00e9rifiez votre \u00e9ligibilit\u00e9 en 2 minutes et obtenez une premi\u00e8re estimation de la productivit\u00e9 dans votre entrep\u00f4t.","robots":{"index":"index","follow":"follow","max-snippet":"max-snippet:-1","max-image-preview":"max-image-preview:large","max-video-preview":"max-video-preview:-1"},"canonical":"https:\/\/www.eyesee-drone.com\/fr\/verifiez-leligibilite-de-votre-site\/","og_locale":"fr_FR","og_type":"article","og_title":"V\u00e9rifiez l'\u00e9ligibilit\u00e9 de votre site","og_description":"V\u00e9rifiez votre \u00e9ligibilit\u00e9 en 2 minutes et obtenez une premi\u00e8re estimation de la productivit\u00e9 dans votre entrep\u00f4t.","og_url":"https:\/\/www.eyesee-drone.com\/fr\/verifiez-leligibilite-de-votre-site\/","og_site_name":"EYESEE","article_modified_time":"2024-06-25T13:42:46+00:00","twitter_card":"summary_large_image","twitter_misc":{"Dur\u00e9e de lecture estim\u00e9e":"1 minute"},"schema":{"@context":"https:\/\/schema.org","@graph":[{"@type":"WebPage","@id":"https:\/\/www.eyesee-drone.com\/fr\/verifiez-leligibilite-de-votre-site\/","url":"https:\/\/www.eyesee-drone.com\/fr\/verifiez-leligibilite-de-votre-site\/","name":"V\u00e9rifiez l'\u00e9ligibilit\u00e9 de votre site","isPartOf":{"@id":"https:\/\/www.eyesee-drone.com\/fr\/#website"},"datePublished":"2022-09-26T14:21:16+00:00","dateModified":"2024-06-25T13:42:46+00:00","description":"V\u00e9rifiez votre \u00e9ligibilit\u00e9 en 2 minutes et obtenez une premi\u00e8re estimation de la productivit\u00e9 dans votre entrep\u00f4t.","breadcrumb":{"@id":"https:\/\/www.eyesee-drone.com\/fr\/verifiez-leligibilite-de-votre-site\/#breadcrumb"},"inLanguage":"fr-FR","potentialAction":[{"@type":"ReadAction","target":["https:\/\/www.eyesee-drone.com\/fr\/verifiez-leligibilite-de-votre-site\/"]}]},{"@type":"BreadcrumbList","@id":"https:\/\/www.eyesee-drone.com\/fr\/verifiez-leligibilite-de-votre-site\/#breadcrumb","itemListElement":[{"@type":"ListItem","position":1,"name":"Home","item":"https:\/\/www.eyesee-drone.com\/fr\/"},{"@type":"ListItem","position":2,"name":"V\u00e9rifiez l&#8217;\u00e9ligibilit\u00e9"}]},{"@type":"WebSite","@id":"https:\/\/www.eyesee-drone.com\/fr\/#website","url":"https:\/\/www.eyesee-drone.com\/fr\/","name":"EYESEE","description":"Drone Solution for cycle count and wall-to-wall inventory","publisher":{"@id":"https:\/\/www.eyesee-drone.com\/fr\/#organization"},"alternateName":"EYESEE Drone inventory solution for cycle counting and wall-to-wall inventory","potentialAction":[{"@type":"SearchAction","target":{"@type":"EntryPoint","urlTemplate":"https:\/\/www.eyesee-drone.com\/fr\/?s={search_term_string}"},"query-input":{"@type":"PropertyValueSpecification","valueRequired":true,"valueName":"search_term_string"}}],"inLanguage":"fr-FR"},{"@type":"Organization","@id":"https:\/\/www.eyesee-drone.com\/fr\/#organization","name":"EYESEE","url":"https:\/\/www.eyesee-drone.com\/fr\/","logo":{"@type":"ImageObject","inLanguage":"fr-FR","@id":"https:\/\/www.eyesee-drone.com\/fr\/#\/schema\/logo\/image\/","url":"https:\/\/www.eyesee-drone.com\/wp-content\/uploads\/2021\/07\/logo-eyesee-warehouse-drone.webp","contentUrl":"https:\/\/www.eyesee-drone.com\/wp-content\/uploads\/2021\/07\/logo-eyesee-warehouse-drone.webp","caption":"EYESEE"},"image":{"@id":"https:\/\/www.eyesee-drone.com\/fr\/#\/schema\/logo\/image\/"},"sameAs":["https:\/\/www.linkedin.com\/company\/eyesee-inventory-drone"]}]}},"_links":{"self":[{"href":"https:\/\/www.eyesee-drone.com\/fr\/wp-json\/wp\/v2\/pages\/8160","targetHints":{"allow":["GET"]}}],"collection":[{"href":"https:\/\/www.eyesee-drone.com\/fr\/wp-json\/wp\/v2\/pages"}],"about":[{"href":"https:\/\/www.eyesee-drone.com\/fr\/wp-json\/wp\/v2\/types\/page"}],"author":[{"embeddable":true,"href":"https:\/\/www.eyesee-drone.com\/fr\/wp-json\/wp\/v2\/users\/3"}],"replies":[{"embeddable":true,"href":"https:\/\/www.eyesee-drone.com\/fr\/wp-json\/wp\/v2\/comments?post=8160"}],"version-history":[{"count":156,"href":"https:\/\/www.eyesee-drone.com\/fr\/wp-json\/wp\/v2\/pages\/8160\/revisions"}],"predecessor-version":[{"id":32527,"href":"https:\/\/www.eyesee-drone.com\/fr\/wp-json\/wp\/v2\/pages\/8160\/revisions\/32527"}],"wp:attachment":[{"href":"https:\/\/www.eyesee-drone.com\/fr\/wp-json\/wp\/v2\/media?parent=8160"}],"wp:term":[{"taxonomy":"events","embeddable":true,"href":"https:\/\/www.eyesee-drone.com\/fr\/wp-json\/wp\/v2\/events?post=8160"}],"curies":[{"name":"wp","href":"https:\/\/api.w.org\/{rel}","templated":true}]}}