{"id":3730,"date":"2022-01-14T17:49:29","date_gmt":"2022-01-14T16:49:29","guid":{"rendered":"https:\/\/www.eyesee-drone.com\/?page_id=3730"},"modified":"2024-05-23T13:49:28","modified_gmt":"2024-05-23T11:49:28","slug":"mentions-legales","status":"publish","type":"page","link":"https:\/\/www.eyesee-drone.com\/fr\/mentions-legales\/","title":{"rendered":"Mentions L\u00e9gales"},"content":{"rendered":"\t\t<div data-elementor-type=\"wp-page\" data-elementor-id=\"3730\" class=\"elementor elementor-3730\" data-elementor-post-type=\"page\">\n\t\t\t\t\t\t<section class=\"elementor-section elementor-top-section elementor-element elementor-element-b5252b7 elementor-section-boxed elementor-section-height-default elementor-section-height-default\" data-id=\"b5252b7\" data-element_type=\"section\" data-e-type=\"section\">\n\t\t\t\t\t\t<div class=\"elementor-container elementor-column-gap-default\">\n\t\t\t\t\t<div class=\"elementor-column elementor-col-100 elementor-top-column elementor-element elementor-element-495cfbf\" data-id=\"495cfbf\" data-element_type=\"column\" data-e-type=\"column\">\n\t\t\t<div class=\"elementor-widget-wrap elementor-element-populated\">\n\t\t\t\t\t\t<div class=\"elementor-element elementor-element-6eb58b2 elementor-widget elementor-widget-text-editor\" data-id=\"6eb58b2\" data-element_type=\"widget\" data-e-type=\"widget\" data-widget_type=\"text-editor.default\">\n\t\t\t\t<div class=\"elementor-widget-container\">\n\t\t\t\t\t\t\t\t\t<h2>Mentions l\u00e9gales<\/h2><p>Le site <u>https:\/\/eyesee-drone.com\/<\/u>\u00a0est la propri\u00e9t\u00e9 de Darwin Drones<\/p><h3>\u00c9diteur du site<\/h3><p><strong>Statut juridique\u00a0: <\/strong>Darwin Drones est une SAS au capital de 78 189 \u20ac<\/p><p><strong>Si\u00e8ge social\u00a0:<\/strong> 12 Rue Amp\u00e8re &#8211; 38 000 Grenoble, France<br \/><strong>Num\u00e9ro d\u2019inscription au registre du commerce et des soci\u00e9t\u00e9s :<\/strong> RCS Grenoble 905 304 952<\/p><p><strong>Num\u00e9ro de TVA intracommunautaire :<\/strong> FR34905304952<\/p><h3>Conception du site<\/h3><p>BIM DIGITAL, <a href=\"https:\/\/bim-digital.com\/\">Agence digitale Lyon<\/a><\/p><p>18 rue Bara<\/p><p>69003 Lyon<br \/>FRANCE<\/p><p>T\u00e9l : +33 4 78 54 31 26<br \/>Site web :\u00a0<a href=\"https:\/\/bim-digital.com\/\">bim-digital.com<\/a><\/p><p><strong>\u00a0<\/strong><\/p><h3>1. Conditions d\u2019utilisation<\/h3><p>Le site accessible par les url suivants :\u00a0<u>https:\/\/eyesee-drone.com\/<\/u>\u00a0est exploit\u00e9 dans le respect de la l\u00e9gislation fran\u00e7aise. L\u2019utilisation de ce site est r\u00e9gie par les pr\u00e9sentes conditions g\u00e9n\u00e9rales. En utilisant le site, vous reconnaissez avoir pris connaissance de ces conditions et les avoir accept\u00e9es. Celles-ci pourront \u00eatre modifi\u00e9es \u00e0 tout moment et sans pr\u00e9avis par la soci\u00e9t\u00e9\u00a0Darwin Drones.<br \/>Darwin Drones\u00a0ne saurait \u00eatre tenu pour responsable en aucune mani\u00e8re d\u2019une mauvaise utilisation du service.<\/p><h3>2. Responsable \u00e9ditorial &amp; H\u00e9bergeur<\/h3><p><strong>Directeur de la publication :<\/strong> Monsieur Cl\u00e9ment Roulet-Dubonnet,<\/p><p>clement.roulet@eyesee-drone.com, +33 (0)9 67 73 34 45<\/p><p><strong>H\u00e9bergeur :<\/strong><\/p><p><strong>OVH SAS<br \/><\/strong>2 rue Kellermann<br \/>59100 Roubaix<br \/>France<br \/>T\u00e9l\u00e9phone : 1007<\/p><h3>3. Limitation de responsabilit\u00e9<\/h3><p>Darwin Drones\u00a0ne garantit en aucune fa\u00e7on l\u2019exactitude, la pr\u00e9cision, l\u2019exhaustivit\u00e9 ou l\u2019ad\u00e9quation, des informations mises \u00e0 disposition sur son site, y compris l\u2019ensemble des liens hypertextes ou toute autre liaison informatique utilis\u00e9e, directement ou indirectement, \u00e0 partir de son site. Si vous constatez une erreur, une incoh\u00e9rence ou un dysfonctionnement, merci de bien vouloir le signaler au responsable de publication dont les coordonn\u00e9es sont mentionn\u00e9es sur cette page.<\/p><p>Darwin Drones\u00a0d\u00e9cline toute responsabilit\u00e9 concernant l\u2019utilisation des informations publi\u00e9es sur le pr\u00e9sent site web, et de tout pr\u00e9judice direct ou indirect pouvant en d\u00e9couler.<\/p><p>Les liens hypertextes pr\u00e9sents sur notre site internet et redirigeant vers d\u2019autres sites web ne sauraient engager la responsabilit\u00e9 de Darwin Drones, quel que soit leur contenu ou leurs potentiels dysfonctionnements.<\/p><p>Les contenus t\u00e9l\u00e9charg\u00e9s depuis notre site se font sous la seule responsabilit\u00e9 de l\u2019utilisateur. En cons\u00e9quence, Darwin Drones\u00a0ne saurait \u00eatre tenu responsable d\u2019un quelconque dommage, sur le mat\u00e9riel ou les donn\u00e9es de l\u2019utilisateur, cons\u00e9cutif au t\u00e9l\u00e9chargement.<\/p><h3>4. Informations et exclusion<\/h3><p>Malgr\u00e9 les efforts de Darwin Drones pour assurer une information fiable et une mise \u00e0 jour fiable de ses sites internet, des erreurs ou omissions peuvent survenir. L\u2019internaute devra donc s\u2019assurer de l\u2019exactitude des informations aupr\u00e8s de\u00a0Darwin Drones, et signaler toutes modifications du site qu\u2019il jugerait utile.\u00a0Darwin Drones\u00a0n\u2019est en aucun cas responsable de l\u2019utilisation faite de ces informations, et de tout pr\u00e9judice direct ou indirect pouvant en d\u00e9couler.<\/p><h3>5. Propri\u00e9t\u00e9 intellectuelle<\/h3><p>Copyright Darwin Drones. Tous droits d&rsquo;auteur des textes et \u0153uvres r\u00e9serv\u00e9s.<\/p><p>Le site est prot\u00e9g\u00e9 par le droit d\u2019auteur. L\u2019usage de tout ou partie du site, notamment par t\u00e9l\u00e9chargement, reproduction, transmission ou repr\u00e9sentation sur tous supports et par tous proc\u00e9d\u00e9s, \u00e0 d\u2019autres fins que pour usage personnel et priv\u00e9 dans un but non commercial est strictement interdit.<\/p><p>L\u2019utilisation du logo de Darwin Drones et de sa d\u00e9nomination sociale doivent faire l\u2019objet d\u2019une autorisation \u00e9crite pr\u00e9alable de la part du propri\u00e9taire.<\/p><p>De fa\u00e7on g\u00e9n\u00e9rale, toute reproduction ou repr\u00e9sentation non autoris\u00e9e de marques, logos, dessins, mod\u00e8les, d\u2019\u0153uvres litt\u00e9raires, musicales, audiovisuelles, photographiques et plus g\u00e9n\u00e9ralement de tout \u00e9l\u00e9ment susceptible d\u2019\u00eatre prot\u00e9g\u00e9 par un droit de propri\u00e9t\u00e9 intellectuelle accessibles sur le site est interdite et constituerait une contrefa\u00e7on au sens des articles L335-2 et suivants du Code de la Propri\u00e9t\u00e9 Intellectuelle, \u00e0 moins que cette reproduction ou repr\u00e9sentation ne soit exclusivement r\u00e9serv\u00e9e \u00e0 un usage strictement personnel et priv\u00e9.<\/p><p>Photogaphe : Photos Gilles GALOYER &#8211; Studio JamaisVu ! https:\/\/www.studio-jamaisvu.fr\/fr<\/p><h3>6. Confidentialit\u00e9 des donn\u00e9es<\/h3><p>La politique de confidentialit\u00e9 \u00e0 l\u2019\u00e9gard des donn\u00e9es collect\u00e9es \u00e0 partir du pr\u00e9sent site web est d\u00e9taill\u00e9e sur la page <a href=\"https:\/\/www.eyesee-drone.com\/fr\/politique-de-confidentialite\/\"><u>politique de confidentialit\u00e9<\/u><\/a><\/p><h3>7. Cookies<\/h3><p>L&rsquo;utilisation des cookies \u00e0 travers ce site web, est d\u00e9taill\u00e9e au sein de notre <a href=\"https:\/\/www.eyesee-drone.com\/fr\/politique-de-confidentialite\/\"><u>politique de confidentialit\u00e9<\/u><\/a>.<\/p>\t\t\t\t\t\t\t\t<\/div>\n\t\t\t\t<\/div>\n\t\t\t\t\t<\/div>\n\t\t<\/div>\n\t\t\t\t\t<\/div>\n\t\t<\/section>\n\t\t<div class=\"elementor-element elementor-element-21c03bc2 e-flex e-con-boxed e-con e-parent\" data-id=\"21c03bc2\" data-element_type=\"container\" data-e-type=\"container\" data-settings=\"{&quot;background_background&quot;:&quot;classic&quot;}\">\n\t\t\t\t\t<div class=\"e-con-inner\">\n\t\t<div class=\"elementor-element elementor-element-180b657 e-flex e-con-boxed e-con e-child\" data-id=\"180b657\" data-element_type=\"container\" data-e-type=\"container\">\n\t\t\t\t\t<div class=\"e-con-inner\">\n\t\t\t\t<div class=\"elementor-element elementor-element-9735a2 e-transform elementor-widget elementor-widget-image\" data-id=\"9735a2\" data-element_type=\"widget\" data-e-type=\"widget\" data-settings=\"{&quot;_transform_rotateZ_effect_mobile&quot;:{&quot;unit&quot;:&quot;deg&quot;,&quot;size&quot;:0,&quot;sizes&quot;:[]},&quot;_transform_rotateZ_effect&quot;:{&quot;unit&quot;:&quot;px&quot;,&quot;size&quot;:-2,&quot;sizes&quot;:[]},&quot;_transform_rotateZ_effect_tablet&quot;:{&quot;unit&quot;:&quot;deg&quot;,&quot;size&quot;:&quot;&quot;,&quot;sizes&quot;:[]}}\" data-widget_type=\"image.default\">\n\t\t\t\t<div class=\"elementor-widget-container\">\n\t\t\t\t\t\t\t\t\t\t\t\t\t\t\t<img fetchpriority=\"high\" decoding=\"async\" width=\"768\" height=\"1043\" src=\"https:\/\/www.eyesee-drone.com\/wp-content\/uploads\/2024\/05\/white_paper_garde_book-1-768x1043.png\" class=\"attachment-medium_large size-medium_large wp-image-29665\" alt=\"\" srcset=\"https:\/\/www.eyesee-drone.com\/wp-content\/uploads\/2024\/05\/white_paper_garde_book-1-768x1043.png 768w, https:\/\/www.eyesee-drone.com\/wp-content\/uploads\/2024\/05\/white_paper_garde_book-1-221x300.png 221w, https:\/\/www.eyesee-drone.com\/wp-content\/uploads\/2024\/05\/white_paper_garde_book-1-754x1024.png 754w, https:\/\/www.eyesee-drone.com\/wp-content\/uploads\/2024\/05\/white_paper_garde_book-1-1131x1536.png 1131w, https:\/\/www.eyesee-drone.com\/wp-content\/uploads\/2024\/05\/white_paper_garde_book-1.png 1200w\" sizes=\"(max-width: 768px) 100vw, 768px\" \/>\t\t\t\t\t\t\t\t\t\t\t\t\t\t\t<\/div>\n\t\t\t\t<\/div>\n\t\t\t\t\t<\/div>\n\t\t\t\t<\/div>\n\t\t<div class=\"elementor-element elementor-element-661cf0ef e-flex e-con-boxed e-con e-child\" data-id=\"661cf0ef\" data-element_type=\"container\" data-e-type=\"container\">\n\t\t\t\t\t<div class=\"e-con-inner\">\n\t\t\t\t<div class=\"elementor-element elementor-element-510e05b3 elementor-widget elementor-widget-heading\" data-id=\"510e05b3\" data-element_type=\"widget\" data-e-type=\"widget\" data-widget_type=\"heading.default\">\n\t\t\t\t<div class=\"elementor-widget-container\">\n\t\t\t\t\t<h2 class=\"elementor-heading-title elementor-size-default\">Livre blanc - Automatisez l'inventaire en entrep\u00f4t gr\u00e2ce aux drones.<\/h2>\t\t\t\t<\/div>\n\t\t\t\t<\/div>\n\t\t\t\t<div class=\"elementor-element elementor-element-3382eda0 elementor-widget elementor-widget-heading\" data-id=\"3382eda0\" data-element_type=\"widget\" data-e-type=\"widget\" data-widget_type=\"heading.default\">\n\t\t\t\t<div class=\"elementor-widget-container\">\n\t\t\t\t\t<h2 class=\"elementor-heading-title elementor-size-default\">D\u00e9couvrez comment l'inventaire par drone permet d'optimiser les processus d'inventaire tournant et d'inventaire fiscal annuel.<\/h2>\t\t\t\t<\/div>\n\t\t\t\t<\/div>\n\t\t\t\t<div class=\"elementor-element elementor-element-739b6b40 elementor-align-center elementor-widget elementor-widget-button\" data-id=\"739b6b40\" data-element_type=\"widget\" data-e-type=\"widget\" data-widget_type=\"button.default\">\n\t\t\t\t<div class=\"elementor-widget-container\">\n\t\t\t\t\t\t\t\t\t<div class=\"elementor-button-wrapper\">\n\t\t\t\t\t<a class=\"elementor-button elementor-button-link elementor-size-sm\" href=\"https:\/\/www.eyesee-drone.com\/fr\/automatiser-l_inventaire-en-entrepot-grace-aux-drones\/\">\n\t\t\t\t\t\t<span class=\"elementor-button-content-wrapper\">\n\t\t\t\t\t\t\t\t\t<span class=\"elementor-button-text\">T\u00e9l\u00e9chargez le livre blanc<\/span>\n\t\t\t\t\t<\/span>\n\t\t\t\t\t<\/a>\n\t\t\t\t<\/div>\n\t\t\t\t\t\t\t\t<\/div>\n\t\t\t\t<\/div>\n\t\t\t\t\t<\/div>\n\t\t\t\t<\/div>\n\t\t\t\t\t<\/div>\n\t\t\t\t<\/div>\n\t\t\t\t<\/div>\n\t\t","protected":false},"excerpt":{"rendered":"<p>Mentions l\u00e9gales Le site https:\/\/eyesee-drone.com\/\u00a0est la propri\u00e9t\u00e9 de Darwin Drones \u00c9diteur du site Statut juridique\u00a0: Darwin Drones est une SAS au capital de 78 189 \u20ac Si\u00e8ge social\u00a0: 12 Rue Amp\u00e8re &#8211; 38 000 Grenoble, FranceNum\u00e9ro d\u2019inscription au registre du commerce et des soci\u00e9t\u00e9s : RCS Grenoble 905 304 952 Num\u00e9ro de TVA intracommunautaire : [&hellip;]<\/p>\n","protected":false},"author":2,"featured_media":0,"parent":0,"menu_order":0,"comment_status":"closed","ping_status":"closed","template":"","meta":{"_acf_changed":false,"_eb_attr":"","content-type":"","footnotes":""},"events":[],"class_list":["post-3730","page","type-page","status-publish","hentry"],"acf":[],"yoast_head":"<!-- This site is optimized with the Yoast SEO plugin v27.0 - https:\/\/yoast.com\/product\/yoast-seo-wordpress\/ -->\n<title>Mentions L\u00e9gales - EYESEE<\/title>\n<meta name=\"robots\" content=\"index, follow, max-snippet:-1, max-image-preview:large, max-video-preview:-1\" \/>\n<link rel=\"canonical\" href=\"https:\/\/www.eyesee-drone.com\/fr\/mentions-legales\/\" \/>\n<meta property=\"og:locale\" content=\"fr_FR\" \/>\n<meta property=\"og:type\" content=\"article\" \/>\n<meta property=\"og:title\" content=\"Mentions L\u00e9gales - EYESEE\" \/>\n<meta property=\"og:description\" content=\"Mentions l\u00e9gales Le site https:\/\/eyesee-drone.com\/\u00a0est la propri\u00e9t\u00e9 de Darwin Drones \u00c9diteur du site Statut juridique\u00a0: Darwin Drones est une SAS au capital de 78 189 \u20ac Si\u00e8ge social\u00a0: 12 Rue Amp\u00e8re &#8211; 38 000 Grenoble, FranceNum\u00e9ro d\u2019inscription au registre du commerce et des soci\u00e9t\u00e9s : RCS Grenoble 905 304 952 Num\u00e9ro de TVA intracommunautaire : [&hellip;]\" \/>\n<meta property=\"og:url\" content=\"https:\/\/www.eyesee-drone.com\/fr\/mentions-legales\/\" \/>\n<meta property=\"og:site_name\" content=\"EYESEE\" \/>\n<meta property=\"article:modified_time\" content=\"2024-05-23T11:49:28+00:00\" \/>\n<meta property=\"og:image\" content=\"https:\/\/www.eyesee-drone.com\/wp-content\/uploads\/2024\/05\/white_paper_garde_book-1-768x1043.png\" \/>\n<meta name=\"twitter:card\" content=\"summary_large_image\" \/>\n<meta name=\"twitter:label1\" content=\"Dur\u00e9e de lecture estim\u00e9e\" \/>\n\t<meta name=\"twitter:data1\" content=\"4 minutes\" \/>\n<script type=\"application\/ld+json\" class=\"yoast-schema-graph\">{\"@context\":\"https:\/\/schema.org\",\"@graph\":[{\"@type\":\"WebPage\",\"@id\":\"https:\/\/www.eyesee-drone.com\/fr\/mentions-legales\/\",\"url\":\"https:\/\/www.eyesee-drone.com\/fr\/mentions-legales\/\",\"name\":\"Mentions L\u00e9gales - EYESEE\",\"isPartOf\":{\"@id\":\"https:\/\/www.eyesee-drone.com\/fr\/#website\"},\"primaryImageOfPage\":{\"@id\":\"https:\/\/www.eyesee-drone.com\/fr\/mentions-legales\/#primaryimage\"},\"image\":{\"@id\":\"https:\/\/www.eyesee-drone.com\/fr\/mentions-legales\/#primaryimage\"},\"thumbnailUrl\":\"https:\/\/www.eyesee-drone.com\/wp-content\/uploads\/2024\/05\/white_paper_garde_book-1-768x1043.png\",\"datePublished\":\"2022-01-14T16:49:29+00:00\",\"dateModified\":\"2024-05-23T11:49:28+00:00\",\"breadcrumb\":{\"@id\":\"https:\/\/www.eyesee-drone.com\/fr\/mentions-legales\/#breadcrumb\"},\"inLanguage\":\"fr-FR\",\"potentialAction\":[{\"@type\":\"ReadAction\",\"target\":[\"https:\/\/www.eyesee-drone.com\/fr\/mentions-legales\/\"]}]},{\"@type\":\"ImageObject\",\"inLanguage\":\"fr-FR\",\"@id\":\"https:\/\/www.eyesee-drone.com\/fr\/mentions-legales\/#primaryimage\",\"url\":\"https:\/\/www.eyesee-drone.com\/wp-content\/uploads\/2024\/05\/white_paper_garde_book-1-768x1043.png\",\"contentUrl\":\"https:\/\/www.eyesee-drone.com\/wp-content\/uploads\/2024\/05\/white_paper_garde_book-1-768x1043.png\"},{\"@type\":\"BreadcrumbList\",\"@id\":\"https:\/\/www.eyesee-drone.com\/fr\/mentions-legales\/#breadcrumb\",\"itemListElement\":[{\"@type\":\"ListItem\",\"position\":1,\"name\":\"Home\",\"item\":\"https:\/\/www.eyesee-drone.com\/fr\/\"},{\"@type\":\"ListItem\",\"position\":2,\"name\":\"Mentions L\u00e9gales\"}]},{\"@type\":\"WebSite\",\"@id\":\"https:\/\/www.eyesee-drone.com\/fr\/#website\",\"url\":\"https:\/\/www.eyesee-drone.com\/fr\/\",\"name\":\"EYESEE\",\"description\":\"Drone Solution for cycle count and wall-to-wall inventory\",\"publisher\":{\"@id\":\"https:\/\/www.eyesee-drone.com\/fr\/#organization\"},\"alternateName\":\"EYESEE Drone inventory solution for cycle counting and wall-to-wall inventory\",\"potentialAction\":[{\"@type\":\"SearchAction\",\"target\":{\"@type\":\"EntryPoint\",\"urlTemplate\":\"https:\/\/www.eyesee-drone.com\/fr\/?s={search_term_string}\"},\"query-input\":{\"@type\":\"PropertyValueSpecification\",\"valueRequired\":true,\"valueName\":\"search_term_string\"}}],\"inLanguage\":\"fr-FR\"},{\"@type\":\"Organization\",\"@id\":\"https:\/\/www.eyesee-drone.com\/fr\/#organization\",\"name\":\"EYESEE\",\"url\":\"https:\/\/www.eyesee-drone.com\/fr\/\",\"logo\":{\"@type\":\"ImageObject\",\"inLanguage\":\"fr-FR\",\"@id\":\"https:\/\/www.eyesee-drone.com\/fr\/#\/schema\/logo\/image\/\",\"url\":\"https:\/\/www.eyesee-drone.com\/wp-content\/uploads\/2021\/07\/logo-eyesee-warehouse-drone.webp\",\"contentUrl\":\"https:\/\/www.eyesee-drone.com\/wp-content\/uploads\/2021\/07\/logo-eyesee-warehouse-drone.webp\",\"caption\":\"EYESEE\"},\"image\":{\"@id\":\"https:\/\/www.eyesee-drone.com\/fr\/#\/schema\/logo\/image\/\"},\"sameAs\":[\"https:\/\/www.linkedin.com\/company\/eyesee-inventory-drone\"]}]}<\/script>\n<!-- \/ Yoast SEO plugin. -->","yoast_head_json":{"title":"Mentions L\u00e9gales - EYESEE","robots":{"index":"index","follow":"follow","max-snippet":"max-snippet:-1","max-image-preview":"max-image-preview:large","max-video-preview":"max-video-preview:-1"},"canonical":"https:\/\/www.eyesee-drone.com\/fr\/mentions-legales\/","og_locale":"fr_FR","og_type":"article","og_title":"Mentions L\u00e9gales - EYESEE","og_description":"Mentions l\u00e9gales Le site https:\/\/eyesee-drone.com\/\u00a0est la propri\u00e9t\u00e9 de Darwin Drones \u00c9diteur du site Statut juridique\u00a0: Darwin Drones est une SAS au capital de 78 189 \u20ac Si\u00e8ge social\u00a0: 12 Rue Amp\u00e8re &#8211; 38 000 Grenoble, FranceNum\u00e9ro d\u2019inscription au registre du commerce et des soci\u00e9t\u00e9s : RCS Grenoble 905 304 952 Num\u00e9ro de TVA intracommunautaire : [&hellip;]","og_url":"https:\/\/www.eyesee-drone.com\/fr\/mentions-legales\/","og_site_name":"EYESEE","article_modified_time":"2024-05-23T11:49:28+00:00","og_image":[{"url":"https:\/\/www.eyesee-drone.com\/wp-content\/uploads\/2024\/05\/white_paper_garde_book-1-768x1043.png","type":"","width":"","height":""}],"twitter_card":"summary_large_image","twitter_misc":{"Dur\u00e9e de lecture estim\u00e9e":"4 minutes"},"schema":{"@context":"https:\/\/schema.org","@graph":[{"@type":"WebPage","@id":"https:\/\/www.eyesee-drone.com\/fr\/mentions-legales\/","url":"https:\/\/www.eyesee-drone.com\/fr\/mentions-legales\/","name":"Mentions L\u00e9gales - EYESEE","isPartOf":{"@id":"https:\/\/www.eyesee-drone.com\/fr\/#website"},"primaryImageOfPage":{"@id":"https:\/\/www.eyesee-drone.com\/fr\/mentions-legales\/#primaryimage"},"image":{"@id":"https:\/\/www.eyesee-drone.com\/fr\/mentions-legales\/#primaryimage"},"thumbnailUrl":"https:\/\/www.eyesee-drone.com\/wp-content\/uploads\/2024\/05\/white_paper_garde_book-1-768x1043.png","datePublished":"2022-01-14T16:49:29+00:00","dateModified":"2024-05-23T11:49:28+00:00","breadcrumb":{"@id":"https:\/\/www.eyesee-drone.com\/fr\/mentions-legales\/#breadcrumb"},"inLanguage":"fr-FR","potentialAction":[{"@type":"ReadAction","target":["https:\/\/www.eyesee-drone.com\/fr\/mentions-legales\/"]}]},{"@type":"ImageObject","inLanguage":"fr-FR","@id":"https:\/\/www.eyesee-drone.com\/fr\/mentions-legales\/#primaryimage","url":"https:\/\/www.eyesee-drone.com\/wp-content\/uploads\/2024\/05\/white_paper_garde_book-1-768x1043.png","contentUrl":"https:\/\/www.eyesee-drone.com\/wp-content\/uploads\/2024\/05\/white_paper_garde_book-1-768x1043.png"},{"@type":"BreadcrumbList","@id":"https:\/\/www.eyesee-drone.com\/fr\/mentions-legales\/#breadcrumb","itemListElement":[{"@type":"ListItem","position":1,"name":"Home","item":"https:\/\/www.eyesee-drone.com\/fr\/"},{"@type":"ListItem","position":2,"name":"Mentions L\u00e9gales"}]},{"@type":"WebSite","@id":"https:\/\/www.eyesee-drone.com\/fr\/#website","url":"https:\/\/www.eyesee-drone.com\/fr\/","name":"EYESEE","description":"Drone Solution for cycle count and wall-to-wall inventory","publisher":{"@id":"https:\/\/www.eyesee-drone.com\/fr\/#organization"},"alternateName":"EYESEE Drone inventory solution for cycle counting and wall-to-wall inventory","potentialAction":[{"@type":"SearchAction","target":{"@type":"EntryPoint","urlTemplate":"https:\/\/www.eyesee-drone.com\/fr\/?s={search_term_string}"},"query-input":{"@type":"PropertyValueSpecification","valueRequired":true,"valueName":"search_term_string"}}],"inLanguage":"fr-FR"},{"@type":"Organization","@id":"https:\/\/www.eyesee-drone.com\/fr\/#organization","name":"EYESEE","url":"https:\/\/www.eyesee-drone.com\/fr\/","logo":{"@type":"ImageObject","inLanguage":"fr-FR","@id":"https:\/\/www.eyesee-drone.com\/fr\/#\/schema\/logo\/image\/","url":"https:\/\/www.eyesee-drone.com\/wp-content\/uploads\/2021\/07\/logo-eyesee-warehouse-drone.webp","contentUrl":"https:\/\/www.eyesee-drone.com\/wp-content\/uploads\/2021\/07\/logo-eyesee-warehouse-drone.webp","caption":"EYESEE"},"image":{"@id":"https:\/\/www.eyesee-drone.com\/fr\/#\/schema\/logo\/image\/"},"sameAs":["https:\/\/www.linkedin.com\/company\/eyesee-inventory-drone"]}]}},"_links":{"self":[{"href":"https:\/\/www.eyesee-drone.com\/fr\/wp-json\/wp\/v2\/pages\/3730","targetHints":{"allow":["GET"]}}],"collection":[{"href":"https:\/\/www.eyesee-drone.com\/fr\/wp-json\/wp\/v2\/pages"}],"about":[{"href":"https:\/\/www.eyesee-drone.com\/fr\/wp-json\/wp\/v2\/types\/page"}],"author":[{"embeddable":true,"href":"https:\/\/www.eyesee-drone.com\/fr\/wp-json\/wp\/v2\/users\/2"}],"replies":[{"embeddable":true,"href":"https:\/\/www.eyesee-drone.com\/fr\/wp-json\/wp\/v2\/comments?post=3730"}],"version-history":[{"count":31,"href":"https:\/\/www.eyesee-drone.com\/fr\/wp-json\/wp\/v2\/pages\/3730\/revisions"}],"predecessor-version":[{"id":29745,"href":"https:\/\/www.eyesee-drone.com\/fr\/wp-json\/wp\/v2\/pages\/3730\/revisions\/29745"}],"wp:attachment":[{"href":"https:\/\/www.eyesee-drone.com\/fr\/wp-json\/wp\/v2\/media?parent=3730"}],"wp:term":[{"taxonomy":"events","embeddable":true,"href":"https:\/\/www.eyesee-drone.com\/fr\/wp-json\/wp\/v2\/events?post=3730"}],"curies":[{"name":"wp","href":"https:\/\/api.w.org\/{rel}","templated":true}]}}