{"id":20055,"date":"2023-09-12T17:35:46","date_gmt":"2023-09-12T15:35:46","guid":{"rendered":"https:\/\/www.eyesee-drone.com\/?page_id=20055"},"modified":"2024-05-28T15:26:05","modified_gmt":"2024-05-28T13:26:05","slug":"eyesee-enquetes","status":"publish","type":"page","link":"https:\/\/www.eyesee-drone.com\/fr\/eyesee-enquetes\/","title":{"rendered":"EYESEE Enqu\u00eates de satisfaction"},"content":{"rendered":"\t\t<div data-elementor-type=\"wp-page\" data-elementor-id=\"20055\" class=\"elementor elementor-20055\" data-elementor-post-type=\"page\">\n\t\t\t\t\t\t<section class=\"elementor-section elementor-top-section elementor-element elementor-element-24a4719 elementor-section-stretched elementor-section-boxed elementor-section-height-default elementor-section-height-default\" data-id=\"24a4719\" data-element_type=\"section\" data-e-type=\"section\" data-settings=\"{&quot;stretch_section&quot;:&quot;section-stretched&quot;,&quot;background_background&quot;:&quot;classic&quot;,&quot;shape_divider_bottom&quot;:&quot;mountains&quot;}\">\n\t\t\t\t\t<div class=\"elementor-shape elementor-shape-bottom\" aria-hidden=\"true\" data-negative=\"false\">\n\t\t\t<svg xmlns=\"http:\/\/www.w3.org\/2000\/svg\" viewBox=\"0 0 1000 100\" preserveAspectRatio=\"none\">\n\t<path class=\"elementor-shape-fill\" opacity=\"0.33\" d=\"M473,67.3c-203.9,88.3-263.1-34-320.3,0C66,119.1,0,59.7,0,59.7V0h1000v59.7 c0,0-62.1,26.1-94.9,29.3c-32.8,3.3-62.8-12.3-75.8-22.1C806,49.6,745.3,8.7,694.9,4.7S492.4,59,473,67.3z\"\/>\n\t<path class=\"elementor-shape-fill\" opacity=\"0.66\" d=\"M734,67.3c-45.5,0-77.2-23.2-129.1-39.1c-28.6-8.7-150.3-10.1-254,39.1 s-91.7-34.4-149.2,0C115.7,118.3,0,39.8,0,39.8V0h1000v36.5c0,0-28.2-18.5-92.1-18.5C810.2,18.1,775.7,67.3,734,67.3z\"\/>\n\t<path class=\"elementor-shape-fill\" d=\"M766.1,28.9c-200-57.5-266,65.5-395.1,19.5C242,1.8,242,5.4,184.8,20.6C128,35.8,132.3,44.9,89.9,52.5C28.6,63.7,0,0,0,0 h1000c0,0-9.9,40.9-83.6,48.1S829.6,47,766.1,28.9z\"\/>\n<\/svg>\t\t<\/div>\n\t\t\t\t\t<div class=\"elementor-container elementor-column-gap-default\">\n\t\t\t\t\t<div class=\"elementor-column elementor-col-50 elementor-top-column elementor-element elementor-element-a20b7ba\" data-id=\"a20b7ba\" data-element_type=\"column\" data-e-type=\"column\">\n\t\t\t<div class=\"elementor-widget-wrap elementor-element-populated\">\n\t\t\t\t\t\t<div class=\"elementor-element elementor-element-72c755e elementor-widget__width-initial elementor-widget elementor-widget-heading\" data-id=\"72c755e\" data-element_type=\"widget\" data-e-type=\"widget\" data-widget_type=\"heading.default\">\n\t\t\t\t<div class=\"elementor-widget-container\">\n\t\t\t\t\t<h1 class=\"elementor-heading-title elementor-size-default\">EYESEE Inventory Drone Solution | Enqu\u00eates de satisfaction<\/h1>\t\t\t\t<\/div>\n\t\t\t\t<\/div>\n\t\t\t\t\t<\/div>\n\t\t<\/div>\n\t\t\t\t<div class=\"elementor-column elementor-col-50 elementor-top-column elementor-element elementor-element-50a9f8e\" data-id=\"50a9f8e\" data-element_type=\"column\" data-e-type=\"column\">\n\t\t\t<div class=\"elementor-widget-wrap elementor-element-populated\">\n\t\t\t\t\t\t<div class=\"elementor-element elementor-element-23bd620 elementor-widget elementor-widget-image\" data-id=\"23bd620\" data-element_type=\"widget\" data-e-type=\"widget\" data-widget_type=\"image.default\">\n\t\t\t\t<div class=\"elementor-widget-container\">\n\t\t\t\t\t\t\t\t\t\t\t\t\t\t\t<img fetchpriority=\"high\" decoding=\"async\" width=\"620\" height=\"389\" src=\"https:\/\/www.eyesee-drone.com\/wp-content\/uploads\/2021\/07\/warehouse-drone-eyesee-inventory-by-drone.webp\" class=\"attachment-full size-full wp-image-910\" alt=\"\" srcset=\"https:\/\/www.eyesee-drone.com\/wp-content\/uploads\/2021\/07\/warehouse-drone-eyesee-inventory-by-drone.webp 620w, https:\/\/www.eyesee-drone.com\/wp-content\/uploads\/2021\/07\/warehouse-drone-eyesee-inventory-by-drone-300x188.webp 300w\" sizes=\"(max-width: 620px) 100vw, 620px\" \/>\t\t\t\t\t\t\t\t\t\t\t\t\t\t\t<\/div>\n\t\t\t\t<\/div>\n\t\t\t\t\t<\/div>\n\t\t<\/div>\n\t\t\t\t\t<\/div>\n\t\t<\/section>\n\t\t\t\t<section class=\"elementor-section elementor-top-section elementor-element elementor-element-3884653 elementor-section-stretched elementor-section-content-middle elementor-section-boxed elementor-section-height-default elementor-section-height-default\" data-id=\"3884653\" data-element_type=\"section\" data-e-type=\"section\" data-settings=\"{&quot;stretch_section&quot;:&quot;section-stretched&quot;,&quot;background_background&quot;:&quot;classic&quot;}\">\n\t\t\t\t\t\t<div class=\"elementor-container elementor-column-gap-extended\">\n\t\t\t\t\t<div class=\"elementor-column elementor-col-33 elementor-top-column elementor-element elementor-element-a768a08\" data-id=\"a768a08\" data-element_type=\"column\" data-e-type=\"column\" data-settings=\"{&quot;background_background&quot;:&quot;classic&quot;}\">\n\t\t\t<div class=\"elementor-widget-wrap elementor-element-populated\">\n\t\t\t\t\t\t<div class=\"elementor-element elementor-element-f59c7fd elementor-widget elementor-widget-heading\" data-id=\"f59c7fd\" data-element_type=\"widget\" data-e-type=\"widget\" data-widget_type=\"heading.default\">\n\t\t\t\t<div class=\"elementor-widget-container\">\n\t\t\t\t\t<h2 class=\"elementor-heading-title elementor-size-default\"><a href=\"https:\/\/survey-eu1.hsforms.com\/1dwV844TPQaemhkdSc4WHlwevh6y?preview=true\" target=\"_blank\">Enqu\u00eate de satisfaction |\n<br>EYESEE Customer Success<\/a><\/h2>\t\t\t\t<\/div>\n\t\t\t\t<\/div>\n\t\t\t\t\t<\/div>\n\t\t<\/div>\n\t\t\t\t<div class=\"elementor-column elementor-col-33 elementor-top-column elementor-element elementor-element-8abae07\" data-id=\"8abae07\" data-element_type=\"column\" data-e-type=\"column\">\n\t\t\t<div class=\"elementor-widget-wrap elementor-element-populated\">\n\t\t\t\t\t\t<div class=\"elementor-element elementor-element-87d6d89 elementor-widget elementor-widget-heading\" data-id=\"87d6d89\" data-element_type=\"widget\" data-e-type=\"widget\" data-widget_type=\"heading.default\">\n\t\t\t\t<div class=\"elementor-widget-container\">\n\t\t\t\t\t<h2 class=\"elementor-heading-title elementor-size-default\"><a href=\"http:\/\/Enqu\u00eate%20de%20satisfaction%20|%20%20Formation%20EYESEE%20Cloud\u200b\" target=\"_blank\">Enqu\u00eate de satisfaction | \nFormation EYESEE Cloud<\/a><\/h2>\t\t\t\t<\/div>\n\t\t\t\t<\/div>\n\t\t\t\t\t<\/div>\n\t\t<\/div>\n\t\t\t\t<div class=\"elementor-column elementor-col-33 elementor-top-column elementor-element elementor-element-619eb26\" data-id=\"619eb26\" data-element_type=\"column\" data-e-type=\"column\">\n\t\t\t<div class=\"elementor-widget-wrap elementor-element-populated\">\n\t\t\t\t\t\t<div class=\"elementor-element elementor-element-b34a8ec elementor-widget elementor-widget-heading\" data-id=\"b34a8ec\" data-element_type=\"widget\" data-e-type=\"widget\" data-widget_type=\"heading.default\">\n\t\t\t\t<div class=\"elementor-widget-container\">\n\t\t\t\t\t<h2 class=\"elementor-heading-title elementor-size-default\"><a href=\"https:\/\/survey-eu1.hsforms.com\/1golFGYAWRAiVuJ8FtrtOMgevh6y?preview=true\" target=\"_blank\">Enqu\u00eate de satisfaction |\nFormation EYESEE Drone<\/a><\/h2>\t\t\t\t<\/div>\n\t\t\t\t<\/div>\n\t\t\t\t\t<\/div>\n\t\t<\/div>\n\t\t\t\t\t<\/div>\n\t\t<\/section>\n\t\t<div class=\"elementor-element elementor-element-cdfb8e1 e-con-full e-flex e-con e-parent\" data-id=\"cdfb8e1\" data-element_type=\"container\" data-e-type=\"container\">\n\t\t\t\t<div class=\"elementor-element elementor-element-38f3721 elementor-widget elementor-widget-text-editor\" data-id=\"38f3721\" data-element_type=\"widget\" data-e-type=\"widget\" data-widget_type=\"text-editor.default\">\n\t\t\t\t<div class=\"elementor-widget-container\">\n\t\t\t\t\t\t\t\t\t<p>\t\t<div data-elementor-type=\"page\" data-elementor-id=\"29704\" class=\"elementor elementor-29704\" data-elementor-post-type=\"elementor_library\">\n\t\t\t\t<div class=\"elementor-element elementor-element-fb03a39 e-flex e-con-boxed e-con e-parent\" data-id=\"fb03a39\" data-element_type=\"container\" data-e-type=\"container\" data-settings=\"{&quot;background_background&quot;:&quot;classic&quot;}\">\n\t\t\t\t\t<div class=\"e-con-inner\">\n\t\t<div class=\"elementor-element elementor-element-c4fef95 e-flex e-con-boxed e-con e-child\" data-id=\"c4fef95\" data-element_type=\"container\" data-e-type=\"container\">\n\t\t\t\t\t<div class=\"e-con-inner\">\n\t\t\t\t<div class=\"elementor-element elementor-element-4392e48 e-transform elementor-widget elementor-widget-image\" data-id=\"4392e48\" data-element_type=\"widget\" data-e-type=\"widget\" data-settings=\"{&quot;_transform_rotateZ_effect_mobile&quot;:{&quot;unit&quot;:&quot;deg&quot;,&quot;size&quot;:0,&quot;sizes&quot;:[]},&quot;_transform_rotateZ_effect&quot;:{&quot;unit&quot;:&quot;px&quot;,&quot;size&quot;:-2,&quot;sizes&quot;:[]},&quot;_transform_rotateZ_effect_tablet&quot;:{&quot;unit&quot;:&quot;deg&quot;,&quot;size&quot;:&quot;&quot;,&quot;sizes&quot;:[]}}\" data-widget_type=\"image.default\">\n\t\t\t\t<div class=\"elementor-widget-container\">\n\t\t\t\t\t\t\t\t\t\t\t\t\t\t\t<img decoding=\"async\" width=\"768\" height=\"1043\" src=\"https:\/\/www.eyesee-drone.com\/wp-content\/uploads\/2024\/05\/white_paper_garde_book-1-768x1043.png\" class=\"attachment-medium_large size-medium_large wp-image-29665\" alt=\"\" srcset=\"https:\/\/www.eyesee-drone.com\/wp-content\/uploads\/2024\/05\/white_paper_garde_book-1-768x1043.png 768w, https:\/\/www.eyesee-drone.com\/wp-content\/uploads\/2024\/05\/white_paper_garde_book-1-221x300.png 221w, https:\/\/www.eyesee-drone.com\/wp-content\/uploads\/2024\/05\/white_paper_garde_book-1-754x1024.png 754w, https:\/\/www.eyesee-drone.com\/wp-content\/uploads\/2024\/05\/white_paper_garde_book-1-1131x1536.png 1131w, https:\/\/www.eyesee-drone.com\/wp-content\/uploads\/2024\/05\/white_paper_garde_book-1.png 1200w\" sizes=\"(max-width: 768px) 100vw, 768px\" \/>\t\t\t\t\t\t\t\t\t\t\t\t\t\t\t<\/div>\n\t\t\t\t<\/div>\n\t\t\t\t\t<\/div>\n\t\t\t\t<\/div>\n\t\t<div class=\"elementor-element elementor-element-fd03ae0 e-flex e-con-boxed e-con e-child\" data-id=\"fd03ae0\" data-element_type=\"container\" data-e-type=\"container\">\n\t\t\t\t\t<div class=\"e-con-inner\">\n\t\t\t\t<div class=\"elementor-element elementor-element-907ec18 elementor-widget elementor-widget-heading\" data-id=\"907ec18\" data-element_type=\"widget\" data-e-type=\"widget\" data-widget_type=\"heading.default\">\n\t\t\t\t<div class=\"elementor-widget-container\">\n\t\t\t\t\t<h2 class=\"elementor-heading-title elementor-size-default\">Livre blanc &#8211; Automatisez l&rsquo;inventaire en entrep\u00f4t gr\u00e2ce aux drones.<\/h2>\t\t\t\t<\/div>\n\t\t\t\t<\/div>\n\t\t\t\t<div class=\"elementor-element elementor-element-efe8a10 elementor-widget elementor-widget-heading\" data-id=\"efe8a10\" data-element_type=\"widget\" data-e-type=\"widget\" data-widget_type=\"heading.default\">\n\t\t\t\t<div class=\"elementor-widget-container\">\n\t\t\t\t\t<h2 class=\"elementor-heading-title elementor-size-default\">D\u00e9couvrez comment l&rsquo;inventaire par drone permet d&rsquo;optimiser les processus d&rsquo;inventaire tournant et d&rsquo;inventaire fiscal annuel.<\/h2>\t\t\t\t<\/div>\n\t\t\t\t<\/div>\n\t\t\t\t<div class=\"elementor-element elementor-element-1c9804c elementor-align-center elementor-widget elementor-widget-button\" data-id=\"1c9804c\" data-element_type=\"widget\" data-e-type=\"widget\" data-widget_type=\"button.default\">\n\t\t\t\t<div class=\"elementor-widget-container\">\n\t\t\t\t\t\t\t\t\t<div class=\"elementor-button-wrapper\">\n\t\t\t\t\t<a class=\"elementor-button elementor-button-link elementor-size-sm\" href=\"https:\/\/www.eyesee-drone.com\/fr\/automatiser-l_inventaire-en-entrepot-grace-aux-drones\/\" target=\"_blank\">\n\t\t\t\t\t\t<span class=\"elementor-button-content-wrapper\">\n\t\t\t\t\t\t\t\t\t<span class=\"elementor-button-text\">T\u00e9l\u00e9chargez le livre blanc<\/span>\n\t\t\t\t\t<\/span>\n\t\t\t\t\t<\/a>\n\t\t\t\t<\/div>\n\t\t\t\t\t\t\t\t<\/div>\n\t\t\t\t<\/div>\n\t\t\t\t\t<\/div>\n\t\t\t\t<\/div>\n\t\t\t\t\t<\/div>\n\t\t\t\t<\/div>\n\t\t\t\t<\/div>\n\t\t<\/p>\t\t\t\t\t\t\t\t<\/div>\n\t\t\t\t<\/div>\n\t\t\t\t<\/div>\n\t\t\t\t<\/div>\n\t\t","protected":false},"excerpt":{"rendered":"<p>EYESEE Inventory Drone Solution | Enqu\u00eates de satisfaction Enqu\u00eate de satisfaction | EYESEE Customer Success Enqu\u00eate de satisfaction | Formation EYESEE Cloud Enqu\u00eate de satisfaction | Formation EYESEE Drone<\/p>\n","protected":false},"author":3,"featured_media":0,"parent":0,"menu_order":0,"comment_status":"closed","ping_status":"closed","template":"","meta":{"_acf_changed":false,"_eb_attr":"","content-type":"","footnotes":""},"events":[],"class_list":["post-20055","page","type-page","status-publish","hentry"],"acf":[],"yoast_head":"<!-- This site is optimized with the Yoast SEO plugin v27.0 - https:\/\/yoast.com\/product\/yoast-seo-wordpress\/ -->\n<title>EYESEE Enqu\u00eates de satisfaction - EYESEE<\/title>\n<meta name=\"robots\" content=\"index, follow, max-snippet:-1, max-image-preview:large, max-video-preview:-1\" \/>\n<link rel=\"canonical\" href=\"https:\/\/www.eyesee-drone.com\/fr\/eyesee-enquetes\/\" \/>\n<meta property=\"og:locale\" content=\"fr_FR\" \/>\n<meta property=\"og:type\" content=\"article\" \/>\n<meta property=\"og:title\" content=\"EYESEE Enqu\u00eates de satisfaction - EYESEE\" \/>\n<meta property=\"og:description\" content=\"EYESEE Inventory Drone Solution | Enqu\u00eates de satisfaction Enqu\u00eate de satisfaction | EYESEE Customer Success Enqu\u00eate de satisfaction | Formation EYESEE Cloud Enqu\u00eate de satisfaction | Formation EYESEE Drone\" \/>\n<meta property=\"og:url\" content=\"https:\/\/www.eyesee-drone.com\/fr\/eyesee-enquetes\/\" \/>\n<meta property=\"og:site_name\" content=\"EYESEE\" \/>\n<meta property=\"article:modified_time\" content=\"2024-05-28T13:26:05+00:00\" \/>\n<meta property=\"og:image\" content=\"https:\/\/www.eyesee-drone.com\/wp-content\/uploads\/2021\/07\/warehouse-drone-eyesee-inventory-by-drone.webp\" \/>\n<meta name=\"twitter:card\" content=\"summary_large_image\" \/>\n<meta name=\"twitter:label1\" content=\"Dur\u00e9e de lecture estim\u00e9e\" \/>\n\t<meta name=\"twitter:data1\" content=\"1 minute\" \/>\n<script type=\"application\/ld+json\" class=\"yoast-schema-graph\">{\"@context\":\"https:\/\/schema.org\",\"@graph\":[{\"@type\":\"WebPage\",\"@id\":\"https:\/\/www.eyesee-drone.com\/fr\/eyesee-enquetes\/\",\"url\":\"https:\/\/www.eyesee-drone.com\/fr\/eyesee-enquetes\/\",\"name\":\"EYESEE Enqu\u00eates de satisfaction - EYESEE\",\"isPartOf\":{\"@id\":\"https:\/\/www.eyesee-drone.com\/fr\/#website\"},\"primaryImageOfPage\":{\"@id\":\"https:\/\/www.eyesee-drone.com\/fr\/eyesee-enquetes\/#primaryimage\"},\"image\":{\"@id\":\"https:\/\/www.eyesee-drone.com\/fr\/eyesee-enquetes\/#primaryimage\"},\"thumbnailUrl\":\"https:\/\/www.eyesee-drone.com\/wp-content\/uploads\/2021\/07\/warehouse-drone-eyesee-inventory-by-drone.webp\",\"datePublished\":\"2023-09-12T15:35:46+00:00\",\"dateModified\":\"2024-05-28T13:26:05+00:00\",\"breadcrumb\":{\"@id\":\"https:\/\/www.eyesee-drone.com\/fr\/eyesee-enquetes\/#breadcrumb\"},\"inLanguage\":\"fr-FR\",\"potentialAction\":[{\"@type\":\"ReadAction\",\"target\":[\"https:\/\/www.eyesee-drone.com\/fr\/eyesee-enquetes\/\"]}]},{\"@type\":\"ImageObject\",\"inLanguage\":\"fr-FR\",\"@id\":\"https:\/\/www.eyesee-drone.com\/fr\/eyesee-enquetes\/#primaryimage\",\"url\":\"https:\/\/www.eyesee-drone.com\/wp-content\/uploads\/2021\/07\/warehouse-drone-eyesee-inventory-by-drone.webp\",\"contentUrl\":\"https:\/\/www.eyesee-drone.com\/wp-content\/uploads\/2021\/07\/warehouse-drone-eyesee-inventory-by-drone.webp\"},{\"@type\":\"BreadcrumbList\",\"@id\":\"https:\/\/www.eyesee-drone.com\/fr\/eyesee-enquetes\/#breadcrumb\",\"itemListElement\":[{\"@type\":\"ListItem\",\"position\":1,\"name\":\"Home\",\"item\":\"https:\/\/www.eyesee-drone.com\/fr\/\"},{\"@type\":\"ListItem\",\"position\":2,\"name\":\"EYESEE Enqu\u00eates de satisfaction\"}]},{\"@type\":\"WebSite\",\"@id\":\"https:\/\/www.eyesee-drone.com\/fr\/#website\",\"url\":\"https:\/\/www.eyesee-drone.com\/fr\/\",\"name\":\"EYESEE\",\"description\":\"Drone Solution for cycle count and wall-to-wall inventory\",\"publisher\":{\"@id\":\"https:\/\/www.eyesee-drone.com\/fr\/#organization\"},\"alternateName\":\"EYESEE Drone inventory solution for cycle counting and wall-to-wall inventory\",\"potentialAction\":[{\"@type\":\"SearchAction\",\"target\":{\"@type\":\"EntryPoint\",\"urlTemplate\":\"https:\/\/www.eyesee-drone.com\/fr\/?s={search_term_string}\"},\"query-input\":{\"@type\":\"PropertyValueSpecification\",\"valueRequired\":true,\"valueName\":\"search_term_string\"}}],\"inLanguage\":\"fr-FR\"},{\"@type\":\"Organization\",\"@id\":\"https:\/\/www.eyesee-drone.com\/fr\/#organization\",\"name\":\"EYESEE\",\"url\":\"https:\/\/www.eyesee-drone.com\/fr\/\",\"logo\":{\"@type\":\"ImageObject\",\"inLanguage\":\"fr-FR\",\"@id\":\"https:\/\/www.eyesee-drone.com\/fr\/#\/schema\/logo\/image\/\",\"url\":\"https:\/\/www.eyesee-drone.com\/wp-content\/uploads\/2021\/07\/logo-eyesee-warehouse-drone.webp\",\"contentUrl\":\"https:\/\/www.eyesee-drone.com\/wp-content\/uploads\/2021\/07\/logo-eyesee-warehouse-drone.webp\",\"caption\":\"EYESEE\"},\"image\":{\"@id\":\"https:\/\/www.eyesee-drone.com\/fr\/#\/schema\/logo\/image\/\"},\"sameAs\":[\"https:\/\/www.linkedin.com\/company\/eyesee-inventory-drone\"]}]}<\/script>\n<!-- \/ Yoast SEO plugin. -->","yoast_head_json":{"title":"EYESEE Enqu\u00eates de satisfaction - EYESEE","robots":{"index":"index","follow":"follow","max-snippet":"max-snippet:-1","max-image-preview":"max-image-preview:large","max-video-preview":"max-video-preview:-1"},"canonical":"https:\/\/www.eyesee-drone.com\/fr\/eyesee-enquetes\/","og_locale":"fr_FR","og_type":"article","og_title":"EYESEE Enqu\u00eates de satisfaction - EYESEE","og_description":"EYESEE Inventory Drone Solution | Enqu\u00eates de satisfaction Enqu\u00eate de satisfaction | EYESEE Customer Success Enqu\u00eate de satisfaction | Formation EYESEE Cloud Enqu\u00eate de satisfaction | Formation EYESEE Drone","og_url":"https:\/\/www.eyesee-drone.com\/fr\/eyesee-enquetes\/","og_site_name":"EYESEE","article_modified_time":"2024-05-28T13:26:05+00:00","og_image":[{"url":"https:\/\/www.eyesee-drone.com\/wp-content\/uploads\/2021\/07\/warehouse-drone-eyesee-inventory-by-drone.webp","type":"","width":"","height":""}],"twitter_card":"summary_large_image","twitter_misc":{"Dur\u00e9e de lecture estim\u00e9e":"1 minute"},"schema":{"@context":"https:\/\/schema.org","@graph":[{"@type":"WebPage","@id":"https:\/\/www.eyesee-drone.com\/fr\/eyesee-enquetes\/","url":"https:\/\/www.eyesee-drone.com\/fr\/eyesee-enquetes\/","name":"EYESEE Enqu\u00eates de satisfaction - EYESEE","isPartOf":{"@id":"https:\/\/www.eyesee-drone.com\/fr\/#website"},"primaryImageOfPage":{"@id":"https:\/\/www.eyesee-drone.com\/fr\/eyesee-enquetes\/#primaryimage"},"image":{"@id":"https:\/\/www.eyesee-drone.com\/fr\/eyesee-enquetes\/#primaryimage"},"thumbnailUrl":"https:\/\/www.eyesee-drone.com\/wp-content\/uploads\/2021\/07\/warehouse-drone-eyesee-inventory-by-drone.webp","datePublished":"2023-09-12T15:35:46+00:00","dateModified":"2024-05-28T13:26:05+00:00","breadcrumb":{"@id":"https:\/\/www.eyesee-drone.com\/fr\/eyesee-enquetes\/#breadcrumb"},"inLanguage":"fr-FR","potentialAction":[{"@type":"ReadAction","target":["https:\/\/www.eyesee-drone.com\/fr\/eyesee-enquetes\/"]}]},{"@type":"ImageObject","inLanguage":"fr-FR","@id":"https:\/\/www.eyesee-drone.com\/fr\/eyesee-enquetes\/#primaryimage","url":"https:\/\/www.eyesee-drone.com\/wp-content\/uploads\/2021\/07\/warehouse-drone-eyesee-inventory-by-drone.webp","contentUrl":"https:\/\/www.eyesee-drone.com\/wp-content\/uploads\/2021\/07\/warehouse-drone-eyesee-inventory-by-drone.webp"},{"@type":"BreadcrumbList","@id":"https:\/\/www.eyesee-drone.com\/fr\/eyesee-enquetes\/#breadcrumb","itemListElement":[{"@type":"ListItem","position":1,"name":"Home","item":"https:\/\/www.eyesee-drone.com\/fr\/"},{"@type":"ListItem","position":2,"name":"EYESEE Enqu\u00eates de satisfaction"}]},{"@type":"WebSite","@id":"https:\/\/www.eyesee-drone.com\/fr\/#website","url":"https:\/\/www.eyesee-drone.com\/fr\/","name":"EYESEE","description":"Drone Solution for cycle count and wall-to-wall inventory","publisher":{"@id":"https:\/\/www.eyesee-drone.com\/fr\/#organization"},"alternateName":"EYESEE Drone inventory solution for cycle counting and wall-to-wall inventory","potentialAction":[{"@type":"SearchAction","target":{"@type":"EntryPoint","urlTemplate":"https:\/\/www.eyesee-drone.com\/fr\/?s={search_term_string}"},"query-input":{"@type":"PropertyValueSpecification","valueRequired":true,"valueName":"search_term_string"}}],"inLanguage":"fr-FR"},{"@type":"Organization","@id":"https:\/\/www.eyesee-drone.com\/fr\/#organization","name":"EYESEE","url":"https:\/\/www.eyesee-drone.com\/fr\/","logo":{"@type":"ImageObject","inLanguage":"fr-FR","@id":"https:\/\/www.eyesee-drone.com\/fr\/#\/schema\/logo\/image\/","url":"https:\/\/www.eyesee-drone.com\/wp-content\/uploads\/2021\/07\/logo-eyesee-warehouse-drone.webp","contentUrl":"https:\/\/www.eyesee-drone.com\/wp-content\/uploads\/2021\/07\/logo-eyesee-warehouse-drone.webp","caption":"EYESEE"},"image":{"@id":"https:\/\/www.eyesee-drone.com\/fr\/#\/schema\/logo\/image\/"},"sameAs":["https:\/\/www.linkedin.com\/company\/eyesee-inventory-drone"]}]}},"_links":{"self":[{"href":"https:\/\/www.eyesee-drone.com\/fr\/wp-json\/wp\/v2\/pages\/20055","targetHints":{"allow":["GET"]}}],"collection":[{"href":"https:\/\/www.eyesee-drone.com\/fr\/wp-json\/wp\/v2\/pages"}],"about":[{"href":"https:\/\/www.eyesee-drone.com\/fr\/wp-json\/wp\/v2\/types\/page"}],"author":[{"embeddable":true,"href":"https:\/\/www.eyesee-drone.com\/fr\/wp-json\/wp\/v2\/users\/3"}],"replies":[{"embeddable":true,"href":"https:\/\/www.eyesee-drone.com\/fr\/wp-json\/wp\/v2\/comments?post=20055"}],"version-history":[{"count":17,"href":"https:\/\/www.eyesee-drone.com\/fr\/wp-json\/wp\/v2\/pages\/20055\/revisions"}],"predecessor-version":[{"id":29801,"href":"https:\/\/www.eyesee-drone.com\/fr\/wp-json\/wp\/v2\/pages\/20055\/revisions\/29801"}],"wp:attachment":[{"href":"https:\/\/www.eyesee-drone.com\/fr\/wp-json\/wp\/v2\/media?parent=20055"}],"wp:term":[{"taxonomy":"events","embeddable":true,"href":"https:\/\/www.eyesee-drone.com\/fr\/wp-json\/wp\/v2\/events?post=20055"}],"curies":[{"name":"wp","href":"https:\/\/api.w.org\/{rel}","templated":true}]}}