{"id":14629,"date":"2023-04-06T17:05:10","date_gmt":"2023-04-06T15:05:10","guid":{"rendered":"https:\/\/www.eyesee-drone.com\/?page_id=14629"},"modified":"2024-03-05T13:26:51","modified_gmt":"2024-03-05T12:26:51","slug":"pruefen-sie-die-foerderfaehigkeit-ihres-logistikdepots","status":"publish","type":"page","link":"https:\/\/www.eyesee-drone.com\/de\/pruefen-sie-die-foerderfaehigkeit-ihres-logistikdepots\/","title":{"rendered":"F\u00f6rderf\u00e4higkeit"},"content":{"rendered":"\t\t<div data-elementor-type=\"wp-page\" data-elementor-id=\"14629\" class=\"elementor elementor-14629\" data-elementor-post-type=\"page\">\n\t\t\t\t\t\t<section class=\"elementor-section elementor-top-section elementor-element elementor-element-783fcbf elementor-section-stretched elementor-section-boxed elementor-section-height-default elementor-section-height-default\" data-id=\"783fcbf\" data-element_type=\"section\" data-e-type=\"section\" data-settings=\"{&quot;stretch_section&quot;:&quot;section-stretched&quot;,&quot;background_background&quot;:&quot;classic&quot;,&quot;shape_divider_bottom&quot;:&quot;mountains&quot;}\">\n\t\t\t\t\t<div class=\"elementor-shape elementor-shape-bottom\" aria-hidden=\"true\" data-negative=\"false\">\n\t\t\t<svg xmlns=\"http:\/\/www.w3.org\/2000\/svg\" viewBox=\"0 0 1000 100\" preserveAspectRatio=\"none\">\n\t<path class=\"elementor-shape-fill\" opacity=\"0.33\" d=\"M473,67.3c-203.9,88.3-263.1-34-320.3,0C66,119.1,0,59.7,0,59.7V0h1000v59.7 c0,0-62.1,26.1-94.9,29.3c-32.8,3.3-62.8-12.3-75.8-22.1C806,49.6,745.3,8.7,694.9,4.7S492.4,59,473,67.3z\"\/>\n\t<path class=\"elementor-shape-fill\" opacity=\"0.66\" d=\"M734,67.3c-45.5,0-77.2-23.2-129.1-39.1c-28.6-8.7-150.3-10.1-254,39.1 s-91.7-34.4-149.2,0C115.7,118.3,0,39.8,0,39.8V0h1000v36.5c0,0-28.2-18.5-92.1-18.5C810.2,18.1,775.7,67.3,734,67.3z\"\/>\n\t<path class=\"elementor-shape-fill\" d=\"M766.1,28.9c-200-57.5-266,65.5-395.1,19.5C242,1.8,242,5.4,184.8,20.6C128,35.8,132.3,44.9,89.9,52.5C28.6,63.7,0,0,0,0 h1000c0,0-9.9,40.9-83.6,48.1S829.6,47,766.1,28.9z\"\/>\n<\/svg>\t\t<\/div>\n\t\t\t\t\t<div class=\"elementor-container elementor-column-gap-default\">\n\t\t\t\t\t<div class=\"elementor-column elementor-col-100 elementor-top-column elementor-element elementor-element-8ba3c86\" data-id=\"8ba3c86\" data-element_type=\"column\" data-e-type=\"column\">\n\t\t\t<div class=\"elementor-widget-wrap elementor-element-populated\">\n\t\t\t\t\t\t<div class=\"elementor-element elementor-element-becdae9 elementor-widget elementor-widget-heading\" data-id=\"becdae9\" data-element_type=\"widget\" data-e-type=\"widget\" data-widget_type=\"heading.default\">\n\t\t\t\t<div class=\"elementor-widget-container\">\n\t\t\t\t\t<h1 class=\"elementor-heading-title elementor-size-default\">PR\u00dcFEN SIE DIE F\u00d6RDERF\u00c4HIGKEIT IHRES LAGERS<\/h1>\t\t\t\t<\/div>\n\t\t\t\t<\/div>\n\t\t\t\t\t<\/div>\n\t\t<\/div>\n\t\t\t\t\t<\/div>\n\t\t<\/section>\n\t\t\t\t<section class=\"elementor-section elementor-top-section elementor-element elementor-element-041e9db elementor-section-boxed elementor-section-height-default elementor-section-height-default\" data-id=\"041e9db\" data-element_type=\"section\" data-e-type=\"section\">\n\t\t\t\t\t\t<div class=\"elementor-container elementor-column-gap-default\">\n\t\t\t\t\t<div class=\"elementor-column elementor-col-50 elementor-top-column elementor-element elementor-element-44ef122\" data-id=\"44ef122\" data-element_type=\"column\" data-e-type=\"column\">\n\t\t\t<div class=\"elementor-widget-wrap elementor-element-populated\">\n\t\t\t\t\t\t<div class=\"elementor-element elementor-element-3eeee34 elementor-widget elementor-widget-spacer\" data-id=\"3eeee34\" data-element_type=\"widget\" data-e-type=\"widget\" data-widget_type=\"spacer.default\">\n\t\t\t\t<div class=\"elementor-widget-container\">\n\t\t\t\t\t\t\t<div class=\"elementor-spacer\">\n\t\t\t<div class=\"elementor-spacer-inner\"><\/div>\n\t\t<\/div>\n\t\t\t\t\t\t<\/div>\n\t\t\t\t<\/div>\n\t\t\t\t<div class=\"elementor-element elementor-element-05a6bc3 elementor-widget elementor-widget-shortcode\" data-id=\"05a6bc3\" data-element_type=\"widget\" data-e-type=\"widget\" data-widget_type=\"shortcode.default\">\n\t\t\t\t<div class=\"elementor-widget-container\">\n\t\t\t\t\t\t\t<div class=\"elementor-shortcode\">\n\t\t\t\t\t\t<script>\n\t\t\t\t\t\t\twindow.hsFormsOnReady = window.hsFormsOnReady || [];\n\t\t\t\t\t\t\twindow.hsFormsOnReady.push(()=>{\n\t\t\t\t\t\t\t\thbspt.forms.create({\n\t\t\t\t\t\t\t\t\tportalId: 24983242,\n\t\t\t\t\t\t\t\t\tformId: \"33057142-c0dd-4786-a6c4-0e14b343b1ed\",\n\t\t\t\t\t\t\t\t\ttarget: \"#hbspt-form-1776493755000-9352183114\",\n\t\t\t\t\t\t\t\t\tregion: \"eu1\",\n\t\t\t\t\t\t\t\t\t\n\t\t\t\t\t\t\t})});\n\t\t\t\t\t\t<\/script>\n\t\t\t\t\t\t<div class=\"hbspt-form\" id=\"hbspt-form-1776493755000-9352183114\"><\/div><\/div>\n\t\t\t\t\t\t<\/div>\n\t\t\t\t<\/div>\n\t\t\t\t\t<\/div>\n\t\t<\/div>\n\t\t\t\t<div class=\"elementor-column elementor-col-50 elementor-top-column elementor-element elementor-element-0f1eea6\" data-id=\"0f1eea6\" data-element_type=\"column\" data-e-type=\"column\">\n\t\t\t<div class=\"elementor-widget-wrap elementor-element-populated\">\n\t\t\t\t\t\t<div class=\"elementor-element elementor-element-472e752 elementor-align-center elementor-widget elementor-widget-lottie\" data-id=\"472e752\" data-element_type=\"widget\" data-e-type=\"widget\" data-settings=\"{&quot;source_json&quot;:{&quot;url&quot;:&quot;https:\\\/\\\/www.eyesee-drone.com\\\/wp-content\\\/uploads\\\/2021\\\/10\\\/lf30_editor_3hfmwlfk.json&quot;,&quot;id&quot;:1931,&quot;size&quot;:&quot;&quot;,&quot;alt&quot;:&quot;&quot;,&quot;source&quot;:&quot;library&quot;},&quot;loop&quot;:&quot;yes&quot;,&quot;start_point&quot;:{&quot;unit&quot;:&quot;%&quot;,&quot;size&quot;:0,&quot;sizes&quot;:[]},&quot;source&quot;:&quot;media_file&quot;,&quot;caption_source&quot;:&quot;none&quot;,&quot;link_to&quot;:&quot;none&quot;,&quot;trigger&quot;:&quot;arriving_to_viewport&quot;,&quot;viewport&quot;:{&quot;unit&quot;:&quot;%&quot;,&quot;size&quot;:&quot;&quot;,&quot;sizes&quot;:{&quot;start&quot;:0,&quot;end&quot;:100}},&quot;play_speed&quot;:{&quot;unit&quot;:&quot;px&quot;,&quot;size&quot;:1,&quot;sizes&quot;:[]},&quot;end_point&quot;:{&quot;unit&quot;:&quot;%&quot;,&quot;size&quot;:100,&quot;sizes&quot;:[]},&quot;renderer&quot;:&quot;svg&quot;}\" data-widget_type=\"lottie.default\">\n\t\t\t\t<div class=\"elementor-widget-container\">\n\t\t\t\t\t<div class=\"e-lottie__container\"><div class=\"e-lottie__animation\"><\/div><\/div>\t\t\t\t<\/div>\n\t\t\t\t<\/div>\n\t\t\t\t<div class=\"elementor-element elementor-element-ce8bd8b elementor-widget elementor-widget-heading\" data-id=\"ce8bd8b\" data-element_type=\"widget\" data-e-type=\"widget\" data-widget_type=\"heading.default\">\n\t\t\t\t<div class=\"elementor-widget-container\">\n\t\t\t\t\t<h2 class=\"elementor-heading-title elementor-size-default\">Warum sollten Sie die F\u00f6rderf\u00e4higkeit Ihres Lagerhauses \u00fcberpr\u00fcfen? <\/h2>\t\t\t\t<\/div>\n\t\t\t\t<\/div>\n\t\t\t\t<div class=\"elementor-element elementor-element-897de95 demo-liste elementor-widget elementor-widget-text-editor\" data-id=\"897de95\" data-element_type=\"widget\" data-e-type=\"widget\" data-widget_type=\"text-editor.default\">\n\t\t\t\t<div class=\"elementor-widget-container\">\n\t\t\t\t\t\t\t\t\t<ul><li>Erhalten Sie die ersten Produktivit\u00e4tssch\u00e4tzungen in Ihrem Lager.<\/li><li>Ermitteln Sie, welche Lager in Ihrer Organisation sich am besten f\u00fcr die Inventur per Drohne eignen.<\/li><li>Holen Sie sich die Meinung und Empfehlungen unserer technischen Experten ein.<\/li><li>Beziehen Sie die Entscheidungstr\u00e4ger Ihrer Organisation mit allen Schl\u00fcsseln in der Hand mit ein.<\/li><\/ul>\t\t\t\t\t\t\t\t<\/div>\n\t\t\t\t<\/div>\n\t\t\t\t<div class=\"elementor-element elementor-element-5713f76 demo-liste elementor-widget elementor-widget-text-editor\" data-id=\"5713f76\" data-element_type=\"widget\" data-e-type=\"widget\" data-widget_type=\"text-editor.default\">\n\t\t\t\t<div class=\"elementor-widget-container\">\n\t\t\t\t\t\t\t\t\t<h3><span style=\"color: #009fe3;\"><strong>Mit dem Formular werden folgende Informationen gesammelt:<\/strong><\/span><\/h3>\t\t\t\t\t\t\t\t<\/div>\n\t\t\t\t<\/div>\n\t\t\t\t<div class=\"elementor-element elementor-element-af316c4 elementor-position-inline-start elementor-view-default elementor-mobile-position-block-start elementor-widget elementor-widget-icon-box\" data-id=\"af316c4\" data-element_type=\"widget\" data-e-type=\"widget\" data-widget_type=\"icon-box.default\">\n\t\t\t\t<div class=\"elementor-widget-container\">\n\t\t\t\t\t\t\t<div class=\"elementor-icon-box-wrapper\">\n\n\t\t\t\t\t\t<div class=\"elementor-icon-box-icon\">\n\t\t\t\t<span  class=\"elementor-icon\">\n\t\t\t\t<i aria-hidden=\"true\" class=\"fas fa-arrows-alt-v\"><\/i>\t\t\t\t<\/span>\n\t\t\t<\/div>\n\t\t\t\n\t\t\t\t\t\t<div class=\"elementor-icon-box-content\">\n\n\t\t\t\t\t\t\t\t\t<h3 class=\"elementor-icon-box-title\">\n\t\t\t\t\t\t<span  >\n\t\t\t\t\t\t\tDimensionen\t\t\t\t\t\t<\/span>\n\t\t\t\t\t<\/h3>\n\t\t\t\t\n\t\t\t\t\t\t\t\t\t<p class=\"elementor-icon-box-description\">\n\t\t\t\t\t\tDie H\u00f6he und Breite Ihrer G\u00e4nge\t\t\t\t\t<\/p>\n\t\t\t\t\n\t\t\t<\/div>\n\t\t\t\n\t\t<\/div>\n\t\t\t\t\t\t<\/div>\n\t\t\t\t<\/div>\n\t\t\t\t<div class=\"elementor-element elementor-element-ee8f6f2 elementor-position-inline-start elementor-view-default elementor-mobile-position-block-start elementor-widget elementor-widget-icon-box\" data-id=\"ee8f6f2\" data-element_type=\"widget\" data-e-type=\"widget\" data-widget_type=\"icon-box.default\">\n\t\t\t\t<div class=\"elementor-widget-container\">\n\t\t\t\t\t\t\t<div class=\"elementor-icon-box-wrapper\">\n\n\t\t\t\t\t\t<div class=\"elementor-icon-box-icon\">\n\t\t\t\t<span  class=\"elementor-icon\">\n\t\t\t\t<i aria-hidden=\"true\" class=\"fas fa-temperature-low\"><\/i>\t\t\t\t<\/span>\n\t\t\t<\/div>\n\t\t\t\n\t\t\t\t\t\t<div class=\"elementor-icon-box-content\">\n\n\t\t\t\t\t\t\t\t\t<h3 class=\"elementor-icon-box-title\">\n\t\t\t\t\t\t<span  >\n\t\t\t\t\t\t\tTemperatur\t\t\t\t\t\t<\/span>\n\t\t\t\t\t<\/h3>\n\t\t\t\t\n\t\t\t\t\t\t\t\t\t<p class=\"elementor-icon-box-description\">\n\t\t\t\t\t\tUmgebung und Temperatur des Lagerbereichs\t\t\t\t\t<\/p>\n\t\t\t\t\n\t\t\t<\/div>\n\t\t\t\n\t\t<\/div>\n\t\t\t\t\t\t<\/div>\n\t\t\t\t<\/div>\n\t\t\t\t<div class=\"elementor-element elementor-element-1a3ad21 elementor-position-inline-start elementor-view-default elementor-mobile-position-block-start elementor-widget elementor-widget-icon-box\" data-id=\"1a3ad21\" data-element_type=\"widget\" data-e-type=\"widget\" data-widget_type=\"icon-box.default\">\n\t\t\t\t<div class=\"elementor-widget-container\">\n\t\t\t\t\t\t\t<div class=\"elementor-icon-box-wrapper\">\n\n\t\t\t\t\t\t<div class=\"elementor-icon-box-icon\">\n\t\t\t\t<span  class=\"elementor-icon\">\n\t\t\t\t<i aria-hidden=\"true\" class=\"fas fa-warehouse\"><\/i>\t\t\t\t<\/span>\n\t\t\t<\/div>\n\t\t\t\n\t\t\t\t\t\t<div class=\"elementor-icon-box-content\">\n\n\t\t\t\t\t\t\t\t\t<h3 class=\"elementor-icon-box-title\">\n\t\t\t\t\t\t<span  >\n\t\t\t\t\t\t\tAktivit\u00e4t des Lagers\t\t\t\t\t\t<\/span>\n\t\t\t\t\t<\/h3>\n\t\t\t\t\n\t\t\t\t\t\t\t\t\t<p class=\"elementor-icon-box-description\">\n\t\t\t\t\t\tPicking\/Vertrieb\/Produktion\/Retail. Etikettierungsprozess &amp; Prozentsatz der Racklagerung vs. Gesamtlagerung\t\t\t\t\t<\/p>\n\t\t\t\t\n\t\t\t<\/div>\n\t\t\t\n\t\t<\/div>\n\t\t\t\t\t\t<\/div>\n\t\t\t\t<\/div>\n\t\t\t\t<div class=\"elementor-element elementor-element-1fbc533 elementor-position-inline-start elementor-view-default elementor-mobile-position-block-start elementor-widget elementor-widget-icon-box\" data-id=\"1fbc533\" data-element_type=\"widget\" data-e-type=\"widget\" data-widget_type=\"icon-box.default\">\n\t\t\t\t<div class=\"elementor-widget-container\">\n\t\t\t\t\t\t\t<div class=\"elementor-icon-box-wrapper\">\n\n\t\t\t\t\t\t<div class=\"elementor-icon-box-icon\">\n\t\t\t\t<span  class=\"elementor-icon\">\n\t\t\t\t<i aria-hidden=\"true\" class=\"fas fa-pallet\"><\/i>\t\t\t\t<\/span>\n\t\t\t<\/div>\n\t\t\t\n\t\t\t\t\t\t<div class=\"elementor-icon-box-content\">\n\n\t\t\t\t\t\t\t\t\t<h3 class=\"elementor-icon-box-title\">\n\t\t\t\t\t\t<span  >\n\t\t\t\t\t\t\tInventarisierungsprozess \t\t\t\t\t\t<\/span>\n\t\t\t\t\t<\/h3>\n\t\t\t\t\n\t\t\t\t\t\t\t\t\t<p class=\"elementor-icon-box-description\">\n\t\t\t\t\t\tBeschreibung Ihres Inventarisierungsprozesses \t\t\t\t\t<\/p>\n\t\t\t\t\n\t\t\t<\/div>\n\t\t\t\n\t\t<\/div>\n\t\t\t\t\t\t<\/div>\n\t\t\t\t<\/div>\n\t\t\t\t<div class=\"elementor-element elementor-element-aaa156f elementor-widget elementor-widget-spacer\" data-id=\"aaa156f\" data-element_type=\"widget\" data-e-type=\"widget\" data-widget_type=\"spacer.default\">\n\t\t\t\t<div class=\"elementor-widget-container\">\n\t\t\t\t\t\t\t<div class=\"elementor-spacer\">\n\t\t\t<div class=\"elementor-spacer-inner\"><\/div>\n\t\t<\/div>\n\t\t\t\t\t\t<\/div>\n\t\t\t\t<\/div>\n\t\t\t\t<div class=\"elementor-element elementor-element-d9395d2 elementor-widget elementor-widget-heading\" data-id=\"d9395d2\" data-element_type=\"widget\" data-e-type=\"widget\" data-widget_type=\"heading.default\">\n\t\t\t\t<div class=\"elementor-widget-container\">\n\t\t\t\t\t<h2 class=\"elementor-heading-title elementor-size-default\">EYESEE in Ihrem Lagerhaus in 4 Schritten<br><\/h2>\t\t\t\t<\/div>\n\t\t\t\t<\/div>\n\t\t\t\t<div class=\"elementor-element elementor-element-568918c elementor-widget elementor-widget-heading\" data-id=\"568918c\" data-element_type=\"widget\" data-e-type=\"widget\" data-widget_type=\"heading.default\">\n\t\t\t\t<div class=\"elementor-widget-container\">\n\t\t\t\t\t<h3 class=\"elementor-heading-title elementor-size-default\">1. Ausf\u00fcllen des Formulars zur F\u00f6rderf\u00e4higkeit<\/h3>\t\t\t\t<\/div>\n\t\t\t\t<\/div>\n\t\t\t\t<div class=\"elementor-element elementor-element-53efeb0 elementor-widget elementor-widget-heading\" data-id=\"53efeb0\" data-element_type=\"widget\" data-e-type=\"widget\" data-widget_type=\"heading.default\">\n\t\t\t\t<div class=\"elementor-widget-container\">\n\t\t\t\t\t<h3 class=\"elementor-heading-title elementor-size-default\">2. Analyse der F\u00f6rderf\u00e4higkeit und Termin mit einem EYESEE-Berater<\/h3>\t\t\t\t<\/div>\n\t\t\t\t<\/div>\n\t\t\t\t<div class=\"elementor-element elementor-element-4e83e6f elementor-widget elementor-widget-heading\" data-id=\"4e83e6f\" data-element_type=\"widget\" data-e-type=\"widget\" data-widget_type=\"heading.default\">\n\t\t\t\t<div class=\"elementor-widget-container\">\n\t\t\t\t\t<h3 class=\"elementor-heading-title elementor-size-default\">3. Planung eines Pilotprojekts in Ihrem Lagerhaus<\/h3>\t\t\t\t<\/div>\n\t\t\t\t<\/div>\n\t\t\t\t<div class=\"elementor-element elementor-element-36a904f elementor-widget elementor-widget-heading\" data-id=\"36a904f\" data-element_type=\"widget\" data-e-type=\"widget\" data-widget_type=\"heading.default\">\n\t\t\t\t<div class=\"elementor-widget-container\">\n\t\t\t\t\t<h3 class=\"elementor-heading-title elementor-size-default\">4. Einsatz der L\u00f6sung <\/h3>\t\t\t\t<\/div>\n\t\t\t\t<\/div>\n\t\t\t\t<div class=\"elementor-element elementor-element-f999a14 elementor-widget elementor-widget-spacer\" data-id=\"f999a14\" data-element_type=\"widget\" data-e-type=\"widget\" data-widget_type=\"spacer.default\">\n\t\t\t\t<div class=\"elementor-widget-container\">\n\t\t\t\t\t\t\t<div class=\"elementor-spacer\">\n\t\t\t<div class=\"elementor-spacer-inner\"><\/div>\n\t\t<\/div>\n\t\t\t\t\t\t<\/div>\n\t\t\t\t<\/div>\n\t\t\t\t\t<\/div>\n\t\t<\/div>\n\t\t\t\t\t<\/div>\n\t\t<\/section>\n\t\t\t\t<section class=\"elementor-section elementor-top-section elementor-element elementor-element-624117f elementor-section-boxed elementor-section-height-default elementor-section-height-default\" data-id=\"624117f\" data-element_type=\"section\" data-e-type=\"section\">\n\t\t\t\t\t\t<div class=\"elementor-container elementor-column-gap-default\">\n\t\t\t\t\t<div class=\"elementor-column elementor-col-100 elementor-top-column elementor-element elementor-element-3e489e1\" data-id=\"3e489e1\" data-element_type=\"column\" data-e-type=\"column\">\n\t\t\t<div class=\"elementor-widget-wrap elementor-element-populated\">\n\t\t\t\t\t\t<div class=\"elementor-element elementor-element-c2455b3 elementor-widget elementor-widget-spacer\" data-id=\"c2455b3\" data-element_type=\"widget\" data-e-type=\"widget\" data-widget_type=\"spacer.default\">\n\t\t\t\t<div class=\"elementor-widget-container\">\n\t\t\t\t\t\t\t<div class=\"elementor-spacer\">\n\t\t\t<div class=\"elementor-spacer-inner\"><\/div>\n\t\t<\/div>\n\t\t\t\t\t\t<\/div>\n\t\t\t\t<\/div>\n\t\t\t\t\t<\/div>\n\t\t<\/div>\n\t\t\t\t\t<\/div>\n\t\t<\/section>\n\t\t\t\t<\/div>\n\t\t","protected":false},"excerpt":{"rendered":"<p>PR\u00dcFEN SIE DIE F\u00d6RDERF\u00c4HIGKEIT IHRES LAGERS Warum sollten Sie die F\u00f6rderf\u00e4higkeit Ihres Lagerhauses \u00fcberpr\u00fcfen? Erhalten Sie die ersten Produktivit\u00e4tssch\u00e4tzungen in Ihrem Lager. Ermitteln Sie, welche Lager in Ihrer Organisation sich am besten f\u00fcr die Inventur per Drohne eignen. Holen Sie sich die Meinung und Empfehlungen unserer technischen Experten ein. Beziehen Sie die Entscheidungstr\u00e4ger Ihrer Organisation [&hellip;]<\/p>\n","protected":false},"author":3,"featured_media":0,"parent":0,"menu_order":0,"comment_status":"closed","ping_status":"closed","template":"","meta":{"_acf_changed":false,"_eb_attr":"","content-type":"","footnotes":""},"events":[],"class_list":["post-14629","page","type-page","status-publish","hentry"],"acf":[],"yoast_head":"<!-- This site is optimized with the Yoast SEO plugin v27.0 - https:\/\/yoast.com\/product\/yoast-seo-wordpress\/ -->\n<title>Pr\u00fcfen Sie die F\u00f6rderf\u00e4higkeit Ihres Logistikdepots<\/title>\n<meta name=\"description\" content=\"\u00dcberpr\u00fcfen Sie Ihre F\u00f6rderf\u00e4higkeit in 2 Minuten und erhalten Sie eine erste Einsch\u00e4tzung der Produktivit\u00e4t in Ihrem Lager.\" \/>\n<meta name=\"robots\" content=\"index, follow, max-snippet:-1, max-image-preview:large, max-video-preview:-1\" \/>\n<link rel=\"canonical\" href=\"https:\/\/www.eyesee-drone.com\/de\/pruefen-sie-die-foerderfaehigkeit-ihres-logistikdepots\/\" \/>\n<meta property=\"og:locale\" content=\"de_DE\" \/>\n<meta property=\"og:type\" content=\"article\" \/>\n<meta property=\"og:title\" content=\"Pr\u00fcfen Sie die F\u00f6rderf\u00e4higkeit Ihres Logistikdepots\" \/>\n<meta property=\"og:description\" content=\"\u00dcberpr\u00fcfen Sie Ihre F\u00f6rderf\u00e4higkeit in 2 Minuten und erhalten Sie eine erste Einsch\u00e4tzung der Produktivit\u00e4t in Ihrem Lager.\" \/>\n<meta property=\"og:url\" content=\"https:\/\/www.eyesee-drone.com\/de\/pruefen-sie-die-foerderfaehigkeit-ihres-logistikdepots\/\" \/>\n<meta property=\"og:site_name\" content=\"EYESEE\" \/>\n<meta property=\"article:modified_time\" content=\"2024-03-05T12:26:51+00:00\" \/>\n<meta name=\"twitter:card\" content=\"summary_large_image\" \/>\n<meta name=\"twitter:label1\" content=\"Gesch\u00e4tzte Lesezeit\" \/>\n\t<meta name=\"twitter:data1\" content=\"1\u00a0Minute\" \/>\n<script type=\"application\/ld+json\" class=\"yoast-schema-graph\">{\"@context\":\"https:\/\/schema.org\",\"@graph\":[{\"@type\":\"WebPage\",\"@id\":\"https:\/\/www.eyesee-drone.com\/de\/pruefen-sie-die-foerderfaehigkeit-ihres-logistikdepots\/\",\"url\":\"https:\/\/www.eyesee-drone.com\/de\/pruefen-sie-die-foerderfaehigkeit-ihres-logistikdepots\/\",\"name\":\"Pr\u00fcfen Sie die F\u00f6rderf\u00e4higkeit Ihres Logistikdepots\",\"isPartOf\":{\"@id\":\"https:\/\/www.eyesee-drone.com\/de\/#website\"},\"datePublished\":\"2023-04-06T15:05:10+00:00\",\"dateModified\":\"2024-03-05T12:26:51+00:00\",\"description\":\"\u00dcberpr\u00fcfen Sie Ihre F\u00f6rderf\u00e4higkeit in 2 Minuten und erhalten Sie eine erste Einsch\u00e4tzung der Produktivit\u00e4t in Ihrem Lager.\",\"breadcrumb\":{\"@id\":\"https:\/\/www.eyesee-drone.com\/de\/pruefen-sie-die-foerderfaehigkeit-ihres-logistikdepots\/#breadcrumb\"},\"inLanguage\":\"de\",\"potentialAction\":[{\"@type\":\"ReadAction\",\"target\":[\"https:\/\/www.eyesee-drone.com\/de\/pruefen-sie-die-foerderfaehigkeit-ihres-logistikdepots\/\"]}]},{\"@type\":\"BreadcrumbList\",\"@id\":\"https:\/\/www.eyesee-drone.com\/de\/pruefen-sie-die-foerderfaehigkeit-ihres-logistikdepots\/#breadcrumb\",\"itemListElement\":[{\"@type\":\"ListItem\",\"position\":1,\"name\":\"Home\",\"item\":\"https:\/\/www.eyesee-drone.com\/de\/\"},{\"@type\":\"ListItem\",\"position\":2,\"name\":\"F\u00f6rderf\u00e4higkeit\"}]},{\"@type\":\"WebSite\",\"@id\":\"https:\/\/www.eyesee-drone.com\/de\/#website\",\"url\":\"https:\/\/www.eyesee-drone.com\/de\/\",\"name\":\"EYESEE\",\"description\":\"Drone Solution for cycle count and wall-to-wall inventory\",\"publisher\":{\"@id\":\"https:\/\/www.eyesee-drone.com\/de\/#organization\"},\"alternateName\":\"EYESEE Drone inventory solution for cycle counting and wall-to-wall inventory\",\"potentialAction\":[{\"@type\":\"SearchAction\",\"target\":{\"@type\":\"EntryPoint\",\"urlTemplate\":\"https:\/\/www.eyesee-drone.com\/de\/?s={search_term_string}\"},\"query-input\":{\"@type\":\"PropertyValueSpecification\",\"valueRequired\":true,\"valueName\":\"search_term_string\"}}],\"inLanguage\":\"de\"},{\"@type\":\"Organization\",\"@id\":\"https:\/\/www.eyesee-drone.com\/de\/#organization\",\"name\":\"EYESEE\",\"url\":\"https:\/\/www.eyesee-drone.com\/de\/\",\"logo\":{\"@type\":\"ImageObject\",\"inLanguage\":\"de\",\"@id\":\"https:\/\/www.eyesee-drone.com\/de\/#\/schema\/logo\/image\/\",\"url\":\"https:\/\/www.eyesee-drone.com\/wp-content\/uploads\/2021\/07\/logo-eyesee-warehouse-drone.webp\",\"contentUrl\":\"https:\/\/www.eyesee-drone.com\/wp-content\/uploads\/2021\/07\/logo-eyesee-warehouse-drone.webp\",\"caption\":\"EYESEE\"},\"image\":{\"@id\":\"https:\/\/www.eyesee-drone.com\/de\/#\/schema\/logo\/image\/\"},\"sameAs\":[\"https:\/\/www.linkedin.com\/company\/eyesee-inventory-drone\"]}]}<\/script>\n<!-- \/ Yoast SEO plugin. -->","yoast_head_json":{"title":"Pr\u00fcfen Sie die F\u00f6rderf\u00e4higkeit Ihres Logistikdepots","description":"\u00dcberpr\u00fcfen Sie Ihre F\u00f6rderf\u00e4higkeit in 2 Minuten und erhalten Sie eine erste Einsch\u00e4tzung der Produktivit\u00e4t in Ihrem Lager.","robots":{"index":"index","follow":"follow","max-snippet":"max-snippet:-1","max-image-preview":"max-image-preview:large","max-video-preview":"max-video-preview:-1"},"canonical":"https:\/\/www.eyesee-drone.com\/de\/pruefen-sie-die-foerderfaehigkeit-ihres-logistikdepots\/","og_locale":"de_DE","og_type":"article","og_title":"Pr\u00fcfen Sie die F\u00f6rderf\u00e4higkeit Ihres Logistikdepots","og_description":"\u00dcberpr\u00fcfen Sie Ihre F\u00f6rderf\u00e4higkeit in 2 Minuten und erhalten Sie eine erste Einsch\u00e4tzung der Produktivit\u00e4t in Ihrem Lager.","og_url":"https:\/\/www.eyesee-drone.com\/de\/pruefen-sie-die-foerderfaehigkeit-ihres-logistikdepots\/","og_site_name":"EYESEE","article_modified_time":"2024-03-05T12:26:51+00:00","twitter_card":"summary_large_image","twitter_misc":{"Gesch\u00e4tzte Lesezeit":"1\u00a0Minute"},"schema":{"@context":"https:\/\/schema.org","@graph":[{"@type":"WebPage","@id":"https:\/\/www.eyesee-drone.com\/de\/pruefen-sie-die-foerderfaehigkeit-ihres-logistikdepots\/","url":"https:\/\/www.eyesee-drone.com\/de\/pruefen-sie-die-foerderfaehigkeit-ihres-logistikdepots\/","name":"Pr\u00fcfen Sie die F\u00f6rderf\u00e4higkeit Ihres Logistikdepots","isPartOf":{"@id":"https:\/\/www.eyesee-drone.com\/de\/#website"},"datePublished":"2023-04-06T15:05:10+00:00","dateModified":"2024-03-05T12:26:51+00:00","description":"\u00dcberpr\u00fcfen Sie Ihre F\u00f6rderf\u00e4higkeit in 2 Minuten und erhalten Sie eine erste Einsch\u00e4tzung der Produktivit\u00e4t in Ihrem Lager.","breadcrumb":{"@id":"https:\/\/www.eyesee-drone.com\/de\/pruefen-sie-die-foerderfaehigkeit-ihres-logistikdepots\/#breadcrumb"},"inLanguage":"de","potentialAction":[{"@type":"ReadAction","target":["https:\/\/www.eyesee-drone.com\/de\/pruefen-sie-die-foerderfaehigkeit-ihres-logistikdepots\/"]}]},{"@type":"BreadcrumbList","@id":"https:\/\/www.eyesee-drone.com\/de\/pruefen-sie-die-foerderfaehigkeit-ihres-logistikdepots\/#breadcrumb","itemListElement":[{"@type":"ListItem","position":1,"name":"Home","item":"https:\/\/www.eyesee-drone.com\/de\/"},{"@type":"ListItem","position":2,"name":"F\u00f6rderf\u00e4higkeit"}]},{"@type":"WebSite","@id":"https:\/\/www.eyesee-drone.com\/de\/#website","url":"https:\/\/www.eyesee-drone.com\/de\/","name":"EYESEE","description":"Drone Solution for cycle count and wall-to-wall inventory","publisher":{"@id":"https:\/\/www.eyesee-drone.com\/de\/#organization"},"alternateName":"EYESEE Drone inventory solution for cycle counting and wall-to-wall inventory","potentialAction":[{"@type":"SearchAction","target":{"@type":"EntryPoint","urlTemplate":"https:\/\/www.eyesee-drone.com\/de\/?s={search_term_string}"},"query-input":{"@type":"PropertyValueSpecification","valueRequired":true,"valueName":"search_term_string"}}],"inLanguage":"de"},{"@type":"Organization","@id":"https:\/\/www.eyesee-drone.com\/de\/#organization","name":"EYESEE","url":"https:\/\/www.eyesee-drone.com\/de\/","logo":{"@type":"ImageObject","inLanguage":"de","@id":"https:\/\/www.eyesee-drone.com\/de\/#\/schema\/logo\/image\/","url":"https:\/\/www.eyesee-drone.com\/wp-content\/uploads\/2021\/07\/logo-eyesee-warehouse-drone.webp","contentUrl":"https:\/\/www.eyesee-drone.com\/wp-content\/uploads\/2021\/07\/logo-eyesee-warehouse-drone.webp","caption":"EYESEE"},"image":{"@id":"https:\/\/www.eyesee-drone.com\/de\/#\/schema\/logo\/image\/"},"sameAs":["https:\/\/www.linkedin.com\/company\/eyesee-inventory-drone"]}]}},"_links":{"self":[{"href":"https:\/\/www.eyesee-drone.com\/de\/wp-json\/wp\/v2\/pages\/14629","targetHints":{"allow":["GET"]}}],"collection":[{"href":"https:\/\/www.eyesee-drone.com\/de\/wp-json\/wp\/v2\/pages"}],"about":[{"href":"https:\/\/www.eyesee-drone.com\/de\/wp-json\/wp\/v2\/types\/page"}],"author":[{"embeddable":true,"href":"https:\/\/www.eyesee-drone.com\/de\/wp-json\/wp\/v2\/users\/3"}],"replies":[{"embeddable":true,"href":"https:\/\/www.eyesee-drone.com\/de\/wp-json\/wp\/v2\/comments?post=14629"}],"version-history":[{"count":10,"href":"https:\/\/www.eyesee-drone.com\/de\/wp-json\/wp\/v2\/pages\/14629\/revisions"}],"predecessor-version":[{"id":26111,"href":"https:\/\/www.eyesee-drone.com\/de\/wp-json\/wp\/v2\/pages\/14629\/revisions\/26111"}],"wp:attachment":[{"href":"https:\/\/www.eyesee-drone.com\/de\/wp-json\/wp\/v2\/media?parent=14629"}],"wp:term":[{"taxonomy":"events","embeddable":true,"href":"https:\/\/www.eyesee-drone.com\/de\/wp-json\/wp\/v2\/events?post=14629"}],"curies":[{"name":"wp","href":"https:\/\/api.w.org\/{rel}","templated":true}]}}